{"id":3414,"date":"2025-02-03T14:25:21","date_gmt":"2025-02-03T13:25:21","guid":{"rendered":"https:\/\/98361-towerhotelbologna.tempwebsite.it\/family\/"},"modified":"2025-03-03T16:47:02","modified_gmt":"2025-03-03T15:47:02","slug":"familienhotel-bologna","status":"publish","type":"page","link":"https:\/\/www.towerhotelbologna.com\/de\/familienhotel-bologna\/","title":{"rendered":"Family"},"content":{"rendered":"\t\t<div data-elementor-type=\"wp-page\" data-elementor-id=\"3414\" class=\"elementor elementor-3414 elementor-1563\" data-elementor-post-type=\"page\">\n\t\t\t\t<div class=\"elementor-element elementor-element-039c4d8 e-flex e-con-boxed e-con e-parent\" data-id=\"039c4d8\" data-element_type=\"container\" data-e-type=\"container\" data-settings=\"{&quot;background_background&quot;:&quot;classic&quot;,&quot;shape_divider_bottom&quot;:&quot;curve&quot;}\">\n\t\t\t\t\t<div class=\"e-con-inner\">\n\t\t\t\t<div class=\"elementor-shape elementor-shape-bottom\" aria-hidden=\"true\" data-negative=\"false\">\n\t\t\t<svg xmlns=\"http:\/\/www.w3.org\/2000\/svg\" viewBox=\"0 0 1000 100\" preserveAspectRatio=\"none\">\n    <path class=\"elementor-shape-fill\" d=\"M1000,4.3V0H0v4.3C0.9,23.1,126.7,99.2,500,100S1000,22.7,1000,4.3z\"\/>\n<\/svg>\t\t<\/div>\n\t\t\t\t\t<\/div>\n\t\t\t\t<\/div>\n\t\t<div class=\"elementor-element elementor-element-eae2b7d e-flex e-con-boxed e-con e-parent\" data-id=\"eae2b7d\" data-element_type=\"container\" data-e-type=\"container\">\n\t\t\t\t\t<div class=\"e-con-inner\">\n\t\t\t\t<div class=\"elementor-element elementor-element-26454c1 elementor-widget elementor-widget-heading\" data-id=\"26454c1\" data-element_type=\"widget\" data-e-type=\"widget\" data-widget_type=\"heading.default\">\n\t\t\t\t<div class=\"elementor-widget-container\">\n\t\t\t\t\t<h1 class=\"elementor-heading-title elementor-size-default\">Family Hotel<\/h1>\t\t\t\t<\/div>\n\t\t\t\t<\/div>\n\t\t\t\t<div class=\"elementor-element elementor-element-c8e5160 elementor-widget elementor-widget-heading\" data-id=\"c8e5160\" data-element_type=\"widget\" data-e-type=\"widget\" data-widget_type=\"heading.default\">\n\t\t\t\t<div class=\"elementor-widget-container\">\n\t\t\t\t\t<h2 class=\"elementor-heading-title elementor-size-default\">Ihr Hotel f\u00fcr die ganze Familie in Bologna<\/h2>\t\t\t\t<\/div>\n\t\t\t\t<\/div>\n\t\t\t\t<div class=\"elementor-element elementor-element-88f226c elementor-widget-divider--view-line elementor-widget elementor-widget-divider\" data-id=\"88f226c\" data-element_type=\"widget\" data-e-type=\"widget\" data-widget_type=\"divider.default\">\n\t\t\t\t<div class=\"elementor-widget-container\">\n\t\t\t\t\t\t\t<div class=\"elementor-divider\">\n\t\t\t<span class=\"elementor-divider-separator\">\n\t\t\t\t\t\t<\/span>\n\t\t<\/div>\n\t\t\t\t\t\t<\/div>\n\t\t\t\t<\/div>\n\t\t\t\t<div class=\"elementor-element elementor-element-4537786 elementor-widget elementor-widget-text-editor\" data-id=\"4537786\" data-element_type=\"widget\" data-e-type=\"widget\" data-widget_type=\"text-editor.default\">\n\t\t\t\t<div class=\"elementor-widget-container\">\n\t\t\t\t\t\t\t\t\t<p>Sie planen eine Reise nach Bologna mit der ganzen Familie? Entscheiden Sie sich f\u00fcr das <strong>Best Western Plus Tower Hotel Bologna<\/strong>. Hier finden Sie viele ma\u00dfgeschneiderte Aufmerksamkeiten und Annehmlichkeiten, die der Entspannung dienen, sowie zahlreiche Dienstleistungen f\u00fcr ein unbeschwertes Reisen. <\/p>\n\t\t\t\t\t\t\t\t<\/div>\n\t\t\t\t<\/div>\n\t\t\t\t<div class=\"elementor-element elementor-element-a7aea8d elementor-widget elementor-widget-heading\" data-id=\"a7aea8d\" data-element_type=\"widget\" data-e-type=\"widget\" data-settings=\"{&quot;_animation_mobile&quot;:&quot;none&quot;}\" data-widget_type=\"heading.default\">\n\t\t\t\t<div class=\"elementor-widget-container\">\n\t\t\t\t\t<h3 class=\"elementor-heading-title elementor-size-default\">Alle unsere jungen G\u00e4ste finden<\/h3>\t\t\t\t<\/div>\n\t\t\t\t<\/div>\n\t\t\t\t<div class=\"elementor-element elementor-element-5410dba elementor-icon-list--layout-traditional elementor-list-item-link-full_width elementor-widget elementor-widget-icon-list\" data-id=\"5410dba\" data-element_type=\"widget\" data-e-type=\"widget\" data-widget_type=\"icon-list.default\">\n\t\t\t\t<div class=\"elementor-widget-container\">\n\t\t\t\t\t\t\t<ul class=\"elementor-icon-list-items\">\n\t\t\t\t\t\t\t<li class=\"elementor-icon-list-item\">\n\t\t\t\t\t\t\t\t\t\t\t<span class=\"elementor-icon-list-icon\">\n\t\t\t\t\t\t\t<svg aria-hidden=\"true\" class=\"e-font-icon-svg e-fas-gift\" viewBox=\"0 0 512 512\" xmlns=\"http:\/\/www.w3.org\/2000\/svg\"><path d=\"M32 448c0 17.7 14.3 32 32 32h160V320H32v128zm256 32h160c17.7 0 32-14.3 32-32V320H288v160zm192-320h-42.1c6.2-12.1 10.1-25.5 10.1-40 0-48.5-39.5-88-88-88-41.6 0-68.5 21.3-103 68.3-34.5-47-61.4-68.3-103-68.3-48.5 0-88 39.5-88 88 0 14.5 3.8 27.9 10.1 40H32c-17.7 0-32 14.3-32 32v80c0 8.8 7.2 16 16 16h480c8.8 0 16-7.2 16-16v-80c0-17.7-14.3-32-32-32zm-326.1 0c-22.1 0-40-17.9-40-40s17.9-40 40-40c19.9 0 34.6 3.3 86.1 80h-86.1zm206.1 0h-86.1c51.4-76.5 65.7-80 86.1-80 22.1 0 40 17.9 40 40s-17.9 40-40 40z\"><\/path><\/svg>\t\t\t\t\t\t<\/span>\n\t\t\t\t\t\t\t\t\t\t<span class=\"elementor-icon-list-text\">Ein nettes Geschenk bei der Ankunft f\u00fcr einen besonderen Empfang<\/span>\n\t\t\t\t\t\t\t\t\t<\/li>\n\t\t\t\t\t\t\t\t<li class=\"elementor-icon-list-item\">\n\t\t\t\t\t\t\t\t\t\t\t<span class=\"elementor-icon-list-icon\">\n\t\t\t\t\t\t\t<svg aria-hidden=\"true\" class=\"e-font-icon-svg e-fas-cookie\" viewBox=\"0 0 512 512\" xmlns=\"http:\/\/www.w3.org\/2000\/svg\"><path d=\"M510.37 254.79l-12.08-76.26a132.493 132.493 0 0 0-37.16-72.95l-54.76-54.75c-19.73-19.72-45.18-32.7-72.71-37.05l-76.7-12.15c-27.51-4.36-55.69.11-80.52 12.76L107.32 49.6a132.25 132.25 0 0 0-57.79 57.8l-35.1 68.88a132.602 132.602 0 0 0-12.82 80.94l12.08 76.27a132.493 132.493 0 0 0 37.16 72.95l54.76 54.75a132.087 132.087 0 0 0 72.71 37.05l76.7 12.14c27.51 4.36 55.69-.11 80.52-12.75l69.12-35.21a132.302 132.302 0 0 0 57.79-57.8l35.1-68.87c12.71-24.96 17.2-53.3 12.82-80.96zM176 368c-17.67 0-32-14.33-32-32s14.33-32 32-32 32 14.33 32 32-14.33 32-32 32zm32-160c-17.67 0-32-14.33-32-32s14.33-32 32-32 32 14.33 32 32-14.33 32-32 32zm160 128c-17.67 0-32-14.33-32-32s14.33-32 32-32 32 14.33 32 32-14.33 32-32 32z\"><\/path><\/svg>\t\t\t\t\t\t<\/span>\n\t\t\t\t\t\t\t\t\t\t<span class=\"elementor-icon-list-text\">Ein reichhaltiges Fr\u00fchst\u00fccksbuffet mit Nutella\u00ae-Produkten, unseren Pfannkuchen und vielen anderen K\u00f6stlichkeiten erwartet Sie<\/span>\n\t\t\t\t\t\t\t\t\t<\/li>\n\t\t\t\t\t\t\t\t<li class=\"elementor-icon-list-item\">\n\t\t\t\t\t\t\t\t\t\t\t<a href=\"\/wp-content\/uploads\/sites\/107\/2025\/02\/98361_MenuKids.pdf\" target=\"_blank\">\n\n\t\t\t\t\t\t\t\t\t\t\t\t<span class=\"elementor-icon-list-icon\">\n\t\t\t\t\t\t\t<svg aria-hidden=\"true\" class=\"e-font-icon-svg e-fas-utensils\" viewBox=\"0 0 416 512\" xmlns=\"http:\/\/www.w3.org\/2000\/svg\"><path d=\"M207.9 15.2c.8 4.7 16.1 94.5 16.1 128.8 0 52.3-27.8 89.6-68.9 104.6L168 486.7c.7 13.7-10.2 25.3-24 25.3H80c-13.7 0-24.7-11.5-24-25.3l12.9-238.1C27.7 233.6 0 196.2 0 144 0 109.6 15.3 19.9 16.1 15.2 19.3-5.1 61.4-5.4 64 16.3v141.2c1.3 3.4 15.1 3.2 16 0 1.4-25.3 7.9-139.2 8-141.8 3.3-20.8 44.7-20.8 47.9 0 .2 2.7 6.6 116.5 8 141.8.9 3.2 14.8 3.4 16 0V16.3c2.6-21.6 44.8-21.4 48-1.1zm119.2 285.7l-15 185.1c-1.2 14 9.9 26 23.9 26h56c13.3 0 24-10.7 24-24V24c0-13.2-10.7-24-24-24-82.5 0-221.4 178.5-64.9 300.9z\"><\/path><\/svg>\t\t\t\t\t\t<\/span>\n\t\t\t\t\t\t\t\t\t\t<span class=\"elementor-icon-list-text\">Jeden Abend bieten wir ein \u201eKindermen\u00fc\u201c im Bistrot, mit einfachen und gesunden Gerichten (zum Ansehen klicken)<\/span>\n\t\t\t\t\t\t\t\t\t\t\t<\/a>\n\t\t\t\t\t\t\t\t\t<\/li>\n\t\t\t\t\t\t\t\t<li class=\"elementor-icon-list-item\">\n\t\t\t\t\t\t\t\t\t\t\t<span class=\"elementor-icon-list-icon\">\n\t\t\t\t\t\t\t<svg aria-hidden=\"true\" class=\"e-font-icon-svg e-fas-check-double\" viewBox=\"0 0 512 512\" xmlns=\"http:\/\/www.w3.org\/2000\/svg\"><path d=\"M505 174.8l-39.6-39.6c-9.4-9.4-24.6-9.4-33.9 0L192 374.7 80.6 263.2c-9.4-9.4-24.6-9.4-33.9 0L7 302.9c-9.4 9.4-9.4 24.6 0 34L175 505c9.4 9.4 24.6 9.4 33.9 0l296-296.2c9.4-9.5 9.4-24.7.1-34zm-324.3 106c6.2 6.3 16.4 6.3 22.6 0l208-208.2c6.2-6.3 6.2-16.4 0-22.6L366.1 4.7c-6.2-6.3-16.4-6.3-22.6 0L192 156.2l-55.4-55.5c-6.2-6.3-16.4-6.3-22.6 0L68.7 146c-6.2 6.3-6.2 16.4 0 22.6l112 112.2z\"><\/path><\/svg>\t\t\t\t\t\t<\/span>\n\t\t\t\t\t\t\t\t\t\t<span class=\"elementor-icon-list-text\">Bequeme Hochst\u00fchle auf Anfrage, Teller und kleines Besteck<\/span>\n\t\t\t\t\t\t\t\t\t<\/li>\n\t\t\t\t\t\t\t\t<li class=\"elementor-icon-list-item\">\n\t\t\t\t\t\t\t\t\t\t\t<span class=\"elementor-icon-list-icon\">\n\t\t\t\t\t\t\t<svg aria-hidden=\"true\" class=\"e-font-icon-svg e-fas-utensil-spoon\" viewBox=\"0 0 512 512\" xmlns=\"http:\/\/www.w3.org\/2000\/svg\"><path d=\"M480.1 31.9c-55-55.1-164.9-34.5-227.8 28.5-49.3 49.3-55.1 110-28.8 160.4L9 413.2c-11.6 10.5-12.1 28.5-1 39.5L59.3 504c11 11 29.1 10.5 39.5-1.1l192.4-214.4c50.4 26.3 111.1 20.5 160.4-28.8 63-62.9 83.6-172.8 28.5-227.8z\"><\/path><\/svg>\t\t\t\t\t\t<\/span>\n\t\t\t\t\t\t\t\t\t\t<span class=\"elementor-icon-list-text\"> Unterst\u00fctzung f\u00fcr die Zubereitung von Babymahlzeiten<\/span>\n\t\t\t\t\t\t\t\t\t<\/li>\n\t\t\t\t\t\t\t\t<li class=\"elementor-icon-list-item\">\n\t\t\t\t\t\t\t\t\t\t\t<span class=\"elementor-icon-list-icon\">\n\t\t\t\t\t\t\t<svg aria-hidden=\"true\" class=\"e-font-icon-svg e-fas-child\" viewBox=\"0 0 384 512\" xmlns=\"http:\/\/www.w3.org\/2000\/svg\"><path d=\"M120 72c0-39.765 32.235-72 72-72s72 32.235 72 72c0 39.764-32.235 72-72 72s-72-32.236-72-72zm254.627 1.373c-12.496-12.497-32.758-12.497-45.254 0L242.745 160H141.254L54.627 73.373c-12.496-12.497-32.758-12.497-45.254 0-12.497 12.497-12.497 32.758 0 45.255L104 213.254V480c0 17.673 14.327 32 32 32h16c17.673 0 32-14.327 32-32V368h16v112c0 17.673 14.327 32 32 32h16c17.673 0 32-14.327 32-32V213.254l94.627-94.627c12.497-12.497 12.497-32.757 0-45.254z\"><\/path><\/svg>\t\t\t\t\t\t<\/span>\n\t\t\t\t\t\t\t\t\t\t<span class=\"elementor-icon-list-text\">Babysitter-Service auf Anfrage<\/span>\n\t\t\t\t\t\t\t\t\t<\/li>\n\t\t\t\t\t\t<\/ul>\n\t\t\t\t\t\t<\/div>\n\t\t\t\t<\/div>\n\t\t\t\t\t<\/div>\n\t\t\t\t<\/div>\n\t\t<div class=\"elementor-element elementor-element-ce0ca63 e-flex e-con-boxed e-con e-parent\" data-id=\"ce0ca63\" data-element_type=\"container\" data-e-type=\"container\">\n\t\t\t\t\t<div class=\"e-con-inner\">\n\t\t<div class=\"elementor-element elementor-element-7f0f53d e-con-full e-flex elementor-invisible e-con e-child\" data-id=\"7f0f53d\" data-element_type=\"container\" data-e-type=\"container\" data-settings=\"{&quot;motion_fx_motion_fx_scrolling&quot;:&quot;yes&quot;,&quot;animation&quot;:&quot;fadeInLeft&quot;,&quot;animation_mobile&quot;:&quot;fadeIn&quot;,&quot;background_background&quot;:&quot;classic&quot;,&quot;motion_fx_devices&quot;:[&quot;desktop&quot;,&quot;tablet&quot;,&quot;mobile&quot;]}\">\n\t\t\t\t<\/div>\n\t\t<div class=\"elementor-element elementor-element-dd226f0 e-con-full e-flex elementor-invisible e-con e-child\" data-id=\"dd226f0\" data-element_type=\"container\" data-e-type=\"container\" data-settings=\"{&quot;background_background&quot;:&quot;classic&quot;,&quot;animation&quot;:&quot;fadeInRight&quot;,&quot;animation_mobile&quot;:&quot;none&quot;}\">\n\t\t\t\t<div class=\"elementor-element elementor-element-d200645 elementor-widget elementor-widget-heading\" data-id=\"d200645\" data-element_type=\"widget\" data-e-type=\"widget\" data-widget_type=\"heading.default\">\n\t\t\t\t<div class=\"elementor-widget-container\">\n\t\t\t\t\t<h3 class=\"elementor-heading-title elementor-size-default\">Baby-Paket<\/h3>\t\t\t\t<\/div>\n\t\t\t\t<\/div>\n\t\t\t\t<div class=\"elementor-element elementor-element-578f102 elementor-widget elementor-widget-text-editor\" data-id=\"578f102\" data-element_type=\"widget\" data-e-type=\"widget\" data-settings=\"{&quot;_animation_mobile&quot;:&quot;none&quot;}\" data-widget_type=\"text-editor.default\">\n\t\t\t\t<div class=\"elementor-widget-container\">\n\t\t\t\t\t\t\t\t\t<p>Wenn Sie Ihren Aufenthalt noch individueller gestalten m\u00f6chten, <strong>k\u00f6nnen Sie unser kostenloses Baby-Paket buchen<\/strong>, das Folgendes beinhaltet:<\/p>\n<ul>\n<li><strong>Wiege<\/strong> oder Kinderbett;<\/li>\n<li><strong>Badewanne<\/strong>;<\/li>\n<li>Weiche und bunte <strong>Wickelauflage<\/strong>;<\/li>\n<li>Ein praktischer <strong>Flaschenw\u00e4rmer<\/strong>;<\/li>\n<li><strong>Toilettenset<\/strong> mit sanften Babyprodukten.<\/li>\n<\/ul>\n\t\t\t\t\t\t\t\t<\/div>\n\t\t\t\t<\/div>\n\t\t\t\t<div class=\"elementor-element elementor-element-9ca773f elementor-widget elementor-widget-heading\" data-id=\"9ca773f\" data-element_type=\"widget\" data-e-type=\"widget\" data-widget_type=\"heading.default\">\n\t\t\t\t<div class=\"elementor-widget-container\">\n\t\t\t\t\t<h3 class=\"elementor-heading-title elementor-size-default\">Familien-Paket<\/h3>\t\t\t\t<\/div>\n\t\t\t\t<\/div>\n\t\t\t\t<div class=\"elementor-element elementor-element-2cca5c2 elementor-widget-tablet__width-initial elementor-widget-mobile__width-inherit elementor-widget elementor-widget-text-editor\" data-id=\"2cca5c2\" data-element_type=\"widget\" data-e-type=\"widget\" data-widget_type=\"text-editor.default\">\n\t\t\t\t<div class=\"elementor-widget-container\">\n\t\t\t\t\t\t\t\t\t<p>Oder buchen Sie unser <strong>Familien-Paket f\u00fcr 10 \u20ac pro Tag und Zimmer<\/strong>, das Folgendes beinhaltet:<\/p>\n<ul>\n<li>Snack-Kit mit Snack, Obst, Saft, Wasser<\/li>\n<li>TV mit Kinderkan\u00e4len<\/li>\n<li>Kostenloser W\u00e4scheservice (max. 5 kg &#8211; Mindestaufenthalt 5 N\u00e4chte)<\/li>\n<\/ul>\n\t\t\t\t\t\t\t\t<\/div>\n\t\t\t\t<\/div>\n\t\t\t\t<\/div>\n\t\t\t\t\t<\/div>\n\t\t\t\t<\/div>\n\t\t<div class=\"elementor-element elementor-element-c208969 e-con-full e-flex e-con e-parent\" data-id=\"c208969\" data-element_type=\"container\" data-e-type=\"container\">\n\t\t<div class=\"elementor-element elementor-element-208c2e0 e-con-full e-flex e-con e-child\" data-id=\"208c2e0\" data-element_type=\"container\" data-e-type=\"container\">\n\t\t\t\t<div class=\"elementor-element elementor-element-b83102b elementor-widget elementor-widget-heading\" data-id=\"b83102b\" data-element_type=\"widget\" data-e-type=\"widget\" data-widget_type=\"heading.default\">\n\t\t\t\t<div class=\"elementor-widget-container\">\n\t\t\t\t\t<h3 class=\"elementor-heading-title elementor-size-default\">Pakete buchen<\/h3>\t\t\t\t<\/div>\n\t\t\t\t<\/div>\n\t\t\t\t<div class=\"elementor-element elementor-element-e9044a4 elementor-widget-tablet__width-initial elementor-widget-mobile__width-inherit elementor-widget elementor-widget-text-editor\" data-id=\"e9044a4\" data-element_type=\"widget\" data-e-type=\"widget\" data-widget_type=\"text-editor.default\">\n\t\t\t\t<div class=\"elementor-widget-container\">\n\t\t\t\t\t\t\t\t\t<p>Vergessen Sie nicht, das <strong>Baby-Paket <\/strong>oder das<strong> Familien-Paket<\/strong> zu buchen: F\u00fcgen Sie es bei Ihrer Buchung hinzu, nachdem Sie Ihr Zimmer ausgew\u00e4hlt haben, oder <a href=\"mailto:info@towerhotelbologna.com\">fordern Sie es direkt bei uns an<\/a>!<\/p>\n\t\t\t\t\t\t\t\t<\/div>\n\t\t\t\t<\/div>\n\t\t\t\t<\/div>\n\t\t\t\t<\/div>\n\t\t\t\t<\/div>\n\t\t","protected":false},"excerpt":{"rendered":"<p>Family Hotel Ihr Hotel f\u00fcr die ganze Familie in Bologna Sie planen eine Reise nach Bologna mit der ganzen Familie? Entscheiden Sie sich f\u00fcr das Best Western Plus Tower Hotel Bologna. Hier finden Sie viele ma\u00dfgeschneiderte Aufmerksamkeiten und Annehmlichkeiten, die der Entspannung dienen, sowie zahlreiche Dienstleistungen f\u00fcr ein unbeschwertes Reisen. Alle unsere jungen G\u00e4ste finden [&hellip;]<\/p>\n","protected":false},"author":6,"featured_media":2888,"parent":0,"menu_order":0,"comment_status":"closed","ping_status":"closed","template":"","meta":{"footnotes":""},"class_list":["post-3414","page","type-page","status-publish","has-post-thumbnail","hentry"],"yoast_head":"<!-- This site is optimized with the Yoast SEO plugin v27.3 - https:\/\/yoast.com\/product\/yoast-seo-wordpress\/ -->\n<title>Family Hotel - Dienstleistungen und Pakete - BW Plus Tower Hotel Bologna<\/title>\n<meta name=\"description\" content=\"Reisen Sie mit Kindern? Im BWP Tower Hotel Bologna finden Sie Hochst\u00fchle, Kinderbetten, ein spezielles Fr\u00fchst\u00fcck und viele weitere Services. Entdecken Sie die speziellen Dienste!\" \/>\n<meta name=\"robots\" content=\"index, follow, max-snippet:-1, max-image-preview:large, max-video-preview:-1\" \/>\n<link rel=\"canonical\" href=\"https:\/\/www.towerhotelbologna.com\/de\/familienhotel-bologna\/\" \/>\n<meta property=\"og:locale\" content=\"de_DE\" \/>\n<meta property=\"og:type\" content=\"article\" \/>\n<meta property=\"og:title\" content=\"Family Hotel - Dienstleistungen und Pakete - BW Plus Tower Hotel Bologna\" \/>\n<meta property=\"og:description\" content=\"Reisen Sie mit Kindern? Im BWP Tower Hotel Bologna finden Sie Hochst\u00fchle, Kinderbetten, ein spezielles Fr\u00fchst\u00fcck und viele weitere Services. Entdecken Sie die speziellen Dienste!\" \/>\n<meta property=\"og:url\" content=\"https:\/\/www.towerhotelbologna.com\/de\/familienhotel-bologna\/\" \/>\n<meta property=\"og:site_name\" content=\"98361 Tower Hotel Bologna\" \/>\n<meta property=\"article:modified_time\" content=\"2025-03-03T15:47:02+00:00\" \/>\n<meta property=\"og:image\" content=\"https:\/\/bwh-cdn.neen.dev\/wp-content\/uploads\/sites\/107\/2025\/01\/family.webp\" \/>\n\t<meta property=\"og:image:width\" content=\"1920\" \/>\n\t<meta property=\"og:image:height\" content=\"1282\" \/>\n\t<meta property=\"og:image:type\" content=\"image\/webp\" \/>\n<meta name=\"twitter:card\" content=\"summary_large_image\" \/>\n<meta name=\"twitter:label1\" content=\"Gesch\u00e4tzte Lesezeit\" \/>\n\t<meta name=\"twitter:data1\" content=\"1\u00a0Minute\" \/>\n<script type=\"application\/ld+json\" class=\"yoast-schema-graph\">{\"@context\":\"https:\\\/\\\/schema.org\",\"@graph\":[{\"@type\":\"WebPage\",\"@id\":\"https:\\\/\\\/www.towerhotelbologna.com\\\/de\\\/familienhotel-bologna\\\/\",\"url\":\"https:\\\/\\\/www.towerhotelbologna.com\\\/de\\\/familienhotel-bologna\\\/\",\"name\":\"Family Hotel - Dienstleistungen und Pakete - BW Plus Tower Hotel Bologna\",\"isPartOf\":{\"@id\":\"https:\\\/\\\/www.towerhotelbologna.com\\\/de\\\/#website\"},\"primaryImageOfPage\":{\"@id\":\"https:\\\/\\\/www.towerhotelbologna.com\\\/de\\\/familienhotel-bologna\\\/#primaryimage\"},\"image\":{\"@id\":\"https:\\\/\\\/www.towerhotelbologna.com\\\/de\\\/familienhotel-bologna\\\/#primaryimage\"},\"thumbnailUrl\":\"https:\\\/\\\/www.towerhotelbologna.com\\\/wp-content\\\/uploads\\\/sites\\\/107\\\/2025\\\/01\\\/family.webp\",\"datePublished\":\"2025-02-03T13:25:21+00:00\",\"dateModified\":\"2025-03-03T15:47:02+00:00\",\"description\":\"Reisen Sie mit Kindern? Im BWP Tower Hotel Bologna finden Sie Hochst\u00fchle, Kinderbetten, ein spezielles Fr\u00fchst\u00fcck und viele weitere Services. Entdecken Sie die speziellen Dienste!\",\"breadcrumb\":{\"@id\":\"https:\\\/\\\/www.towerhotelbologna.com\\\/de\\\/familienhotel-bologna\\\/#breadcrumb\"},\"inLanguage\":\"de\",\"potentialAction\":[{\"@type\":\"ReadAction\",\"target\":[\"https:\\\/\\\/www.towerhotelbologna.com\\\/de\\\/familienhotel-bologna\\\/\"]}]},{\"@type\":\"ImageObject\",\"inLanguage\":\"de\",\"@id\":\"https:\\\/\\\/www.towerhotelbologna.com\\\/de\\\/familienhotel-bologna\\\/#primaryimage\",\"url\":\"https:\\\/\\\/www.towerhotelbologna.com\\\/wp-content\\\/uploads\\\/sites\\\/107\\\/2025\\\/01\\\/family.webp\",\"contentUrl\":\"https:\\\/\\\/www.towerhotelbologna.com\\\/wp-content\\\/uploads\\\/sites\\\/107\\\/2025\\\/01\\\/family.webp\",\"width\":1920,\"height\":1282,\"caption\":\"Family Hotel - Tower Hotel Bologna\"},{\"@type\":\"BreadcrumbList\",\"@id\":\"https:\\\/\\\/www.towerhotelbologna.com\\\/de\\\/familienhotel-bologna\\\/#breadcrumb\",\"itemListElement\":[{\"@type\":\"ListItem\",\"position\":1,\"name\":\"Home\",\"item\":\"https:\\\/\\\/www.towerhotelbologna.com\\\/de\\\/home\\\/\"},{\"@type\":\"ListItem\",\"position\":2,\"name\":\"Family\"}]},{\"@type\":\"WebSite\",\"@id\":\"https:\\\/\\\/www.towerhotelbologna.com\\\/de\\\/#website\",\"url\":\"https:\\\/\\\/www.towerhotelbologna.com\\\/de\\\/\",\"name\":\"98361 Tower Hotel Bologna\",\"description\":\"\",\"publisher\":{\"@id\":\"https:\\\/\\\/www.towerhotelbologna.com\\\/de\\\/#organization\"},\"potentialAction\":[{\"@type\":\"SearchAction\",\"target\":{\"@type\":\"EntryPoint\",\"urlTemplate\":\"https:\\\/\\\/www.towerhotelbologna.com\\\/de\\\/?s={search_term_string}\"},\"query-input\":{\"@type\":\"PropertyValueSpecification\",\"valueRequired\":true,\"valueName\":\"search_term_string\"}}],\"inLanguage\":\"de\"},{\"@type\":\"Organization\",\"@id\":\"https:\\\/\\\/www.towerhotelbologna.com\\\/de\\\/#organization\",\"name\":\"98361 Tower Hotel Bologna\",\"url\":\"https:\\\/\\\/www.towerhotelbologna.com\\\/de\\\/\",\"logo\":{\"@type\":\"ImageObject\",\"inLanguage\":\"de\",\"@id\":\"https:\\\/\\\/www.towerhotelbologna.com\\\/de\\\/#\\\/schema\\\/logo\\\/image\\\/\",\"url\":\"https:\\\/\\\/www.towerhotelbologna.com\\\/wp-content\\\/uploads\\\/sites\\\/107\\\/2024\\\/07\\\/BWPlus.png\",\"contentUrl\":\"https:\\\/\\\/www.towerhotelbologna.com\\\/wp-content\\\/uploads\\\/sites\\\/107\\\/2024\\\/07\\\/BWPlus.png\",\"width\":420,\"height\":191,\"caption\":\"98361 Tower Hotel Bologna\"},\"image\":{\"@id\":\"https:\\\/\\\/www.towerhotelbologna.com\\\/de\\\/#\\\/schema\\\/logo\\\/image\\\/\"}}]}<\/script>\n<!-- \/ Yoast SEO plugin. -->","yoast_head_json":{"title":"Family Hotel - Dienstleistungen und Pakete - BW Plus Tower Hotel Bologna","description":"Reisen Sie mit Kindern? Im BWP Tower Hotel Bologna finden Sie Hochst\u00fchle, Kinderbetten, ein spezielles Fr\u00fchst\u00fcck und viele weitere Services. Entdecken Sie die speziellen Dienste!","robots":{"index":"index","follow":"follow","max-snippet":"max-snippet:-1","max-image-preview":"max-image-preview:large","max-video-preview":"max-video-preview:-1"},"canonical":"https:\/\/www.towerhotelbologna.com\/de\/familienhotel-bologna\/","og_locale":"de_DE","og_type":"article","og_title":"Family Hotel - Dienstleistungen und Pakete - BW Plus Tower Hotel Bologna","og_description":"Reisen Sie mit Kindern? Im BWP Tower Hotel Bologna finden Sie Hochst\u00fchle, Kinderbetten, ein spezielles Fr\u00fchst\u00fcck und viele weitere Services. Entdecken Sie die speziellen Dienste!","og_url":"https:\/\/www.towerhotelbologna.com\/de\/familienhotel-bologna\/","og_site_name":"98361 Tower Hotel Bologna","article_modified_time":"2025-03-03T15:47:02+00:00","og_image":[{"width":1920,"height":1282,"url":"https:\/\/bwh-cdn.neen.dev\/wp-content\/uploads\/sites\/107\/2025\/01\/family.webp","type":"image\/webp"}],"twitter_card":"summary_large_image","twitter_misc":{"Gesch\u00e4tzte Lesezeit":"1\u00a0Minute"},"schema":{"@context":"https:\/\/schema.org","@graph":[{"@type":"WebPage","@id":"https:\/\/www.towerhotelbologna.com\/de\/familienhotel-bologna\/","url":"https:\/\/www.towerhotelbologna.com\/de\/familienhotel-bologna\/","name":"Family Hotel - Dienstleistungen und Pakete - BW Plus Tower Hotel Bologna","isPartOf":{"@id":"https:\/\/www.towerhotelbologna.com\/de\/#website"},"primaryImageOfPage":{"@id":"https:\/\/www.towerhotelbologna.com\/de\/familienhotel-bologna\/#primaryimage"},"image":{"@id":"https:\/\/www.towerhotelbologna.com\/de\/familienhotel-bologna\/#primaryimage"},"thumbnailUrl":"https:\/\/www.towerhotelbologna.com\/wp-content\/uploads\/sites\/107\/2025\/01\/family.webp","datePublished":"2025-02-03T13:25:21+00:00","dateModified":"2025-03-03T15:47:02+00:00","description":"Reisen Sie mit Kindern? Im BWP Tower Hotel Bologna finden Sie Hochst\u00fchle, Kinderbetten, ein spezielles Fr\u00fchst\u00fcck und viele weitere Services. Entdecken Sie die speziellen Dienste!","breadcrumb":{"@id":"https:\/\/www.towerhotelbologna.com\/de\/familienhotel-bologna\/#breadcrumb"},"inLanguage":"de","potentialAction":[{"@type":"ReadAction","target":["https:\/\/www.towerhotelbologna.com\/de\/familienhotel-bologna\/"]}]},{"@type":"ImageObject","inLanguage":"de","@id":"https:\/\/www.towerhotelbologna.com\/de\/familienhotel-bologna\/#primaryimage","url":"https:\/\/www.towerhotelbologna.com\/wp-content\/uploads\/sites\/107\/2025\/01\/family.webp","contentUrl":"https:\/\/www.towerhotelbologna.com\/wp-content\/uploads\/sites\/107\/2025\/01\/family.webp","width":1920,"height":1282,"caption":"Family Hotel - Tower Hotel Bologna"},{"@type":"BreadcrumbList","@id":"https:\/\/www.towerhotelbologna.com\/de\/familienhotel-bologna\/#breadcrumb","itemListElement":[{"@type":"ListItem","position":1,"name":"Home","item":"https:\/\/www.towerhotelbologna.com\/de\/home\/"},{"@type":"ListItem","position":2,"name":"Family"}]},{"@type":"WebSite","@id":"https:\/\/www.towerhotelbologna.com\/de\/#website","url":"https:\/\/www.towerhotelbologna.com\/de\/","name":"98361 Tower Hotel Bologna","description":"","publisher":{"@id":"https:\/\/www.towerhotelbologna.com\/de\/#organization"},"potentialAction":[{"@type":"SearchAction","target":{"@type":"EntryPoint","urlTemplate":"https:\/\/www.towerhotelbologna.com\/de\/?s={search_term_string}"},"query-input":{"@type":"PropertyValueSpecification","valueRequired":true,"valueName":"search_term_string"}}],"inLanguage":"de"},{"@type":"Organization","@id":"https:\/\/www.towerhotelbologna.com\/de\/#organization","name":"98361 Tower Hotel Bologna","url":"https:\/\/www.towerhotelbologna.com\/de\/","logo":{"@type":"ImageObject","inLanguage":"de","@id":"https:\/\/www.towerhotelbologna.com\/de\/#\/schema\/logo\/image\/","url":"https:\/\/www.towerhotelbologna.com\/wp-content\/uploads\/sites\/107\/2024\/07\/BWPlus.png","contentUrl":"https:\/\/www.towerhotelbologna.com\/wp-content\/uploads\/sites\/107\/2024\/07\/BWPlus.png","width":420,"height":191,"caption":"98361 Tower Hotel Bologna"},"image":{"@id":"https:\/\/www.towerhotelbologna.com\/de\/#\/schema\/logo\/image\/"}}]}},"_links":{"self":[{"href":"https:\/\/www.towerhotelbologna.com\/de\/wp-json\/wp\/v2\/pages\/3414","targetHints":{"allow":["GET"]}}],"collection":[{"href":"https:\/\/www.towerhotelbologna.com\/de\/wp-json\/wp\/v2\/pages"}],"about":[{"href":"https:\/\/www.towerhotelbologna.com\/de\/wp-json\/wp\/v2\/types\/page"}],"author":[{"embeddable":true,"href":"https:\/\/www.towerhotelbologna.com\/de\/wp-json\/wp\/v2\/users\/6"}],"replies":[{"embeddable":true,"href":"https:\/\/www.towerhotelbologna.com\/de\/wp-json\/wp\/v2\/comments?post=3414"}],"version-history":[{"count":0,"href":"https:\/\/www.towerhotelbologna.com\/de\/wp-json\/wp\/v2\/pages\/3414\/revisions"}],"wp:featuredmedia":[{"embeddable":true,"href":"https:\/\/www.towerhotelbologna.com\/de\/wp-json\/wp\/v2\/media\/2888"}],"wp:attachment":[{"href":"https:\/\/www.towerhotelbologna.com\/de\/wp-json\/wp\/v2\/media?parent=3414"}],"curies":[{"name":"wp","href":"https:\/\/api.w.org\/{rel}","templated":true}]}}