{"id":3409,"date":"2025-01-31T16:20:11","date_gmt":"2025-01-31T15:20:11","guid":{"rendered":"https:\/\/98361-towerhotelbologna.tempwebsite.it\/leistungen\/smart-working-room\/"},"modified":"2025-03-03T14:17:37","modified_gmt":"2025-03-03T13:17:37","slug":"smart-working-room","status":"publish","type":"page","link":"https:\/\/www.towerhotelbologna.com\/de\/leistungen-hotel-bologna\/smart-working-room\/","title":{"rendered":"Smart Working Room"},"content":{"rendered":"\t\t<div data-elementor-type=\"wp-page\" data-elementor-id=\"3409\" class=\"elementor elementor-3409 elementor-1489\" data-elementor-post-type=\"page\">\n\t\t\t\t<div class=\"elementor-element elementor-element-039c4d8 e-flex e-con-boxed e-con e-parent\" data-id=\"039c4d8\" data-element_type=\"container\" data-e-type=\"container\" data-settings=\"{&quot;background_background&quot;:&quot;classic&quot;,&quot;shape_divider_bottom&quot;:&quot;curve&quot;}\">\n\t\t\t\t\t<div class=\"e-con-inner\">\n\t\t\t\t<div class=\"elementor-shape elementor-shape-bottom\" aria-hidden=\"true\" data-negative=\"false\">\n\t\t\t<svg xmlns=\"http:\/\/www.w3.org\/2000\/svg\" viewBox=\"0 0 1000 100\" preserveAspectRatio=\"none\">\n    <path class=\"elementor-shape-fill\" d=\"M1000,4.3V0H0v4.3C0.9,23.1,126.7,99.2,500,100S1000,22.7,1000,4.3z\"\/>\n<\/svg>\t\t<\/div>\n\t\t\t\t\t<\/div>\n\t\t\t\t<\/div>\n\t\t<div class=\"elementor-element elementor-element-eae2b7d e-flex e-con-boxed e-con e-parent\" data-id=\"eae2b7d\" data-element_type=\"container\" data-e-type=\"container\">\n\t\t\t\t\t<div class=\"e-con-inner\">\n\t\t\t\t<div class=\"elementor-element elementor-element-26454c1 elementor-widget elementor-widget-heading\" data-id=\"26454c1\" data-element_type=\"widget\" data-e-type=\"widget\" data-widget_type=\"heading.default\">\n\t\t\t\t<div class=\"elementor-widget-container\">\n\t\t\t\t\t<h1 class=\"elementor-heading-title elementor-size-default\">Smart Working Room<\/h1>\t\t\t\t<\/div>\n\t\t\t\t<\/div>\n\t\t\t\t<div class=\"elementor-element elementor-element-c8e5160 elementor-widget elementor-widget-heading\" data-id=\"c8e5160\" data-element_type=\"widget\" data-e-type=\"widget\" data-widget_type=\"heading.default\">\n\t\t\t\t<div class=\"elementor-widget-container\">\n\t\t\t\t\t<h2 class=\"elementor-heading-title elementor-size-default\">Hotelkomfort, der Ihrer Arbeit zu Diensten steht<\/h2>\t\t\t\t<\/div>\n\t\t\t\t<\/div>\n\t\t\t\t<div class=\"elementor-element elementor-element-88f226c elementor-widget-divider--view-line elementor-widget elementor-widget-divider\" data-id=\"88f226c\" data-element_type=\"widget\" data-e-type=\"widget\" data-widget_type=\"divider.default\">\n\t\t\t\t<div class=\"elementor-widget-container\">\n\t\t\t\t\t\t\t<div class=\"elementor-divider\">\n\t\t\t<span class=\"elementor-divider-separator\">\n\t\t\t\t\t\t<\/span>\n\t\t<\/div>\n\t\t\t\t\t\t<\/div>\n\t\t\t\t<\/div>\n\t\t\t\t<div class=\"elementor-element elementor-element-4537786 elementor-widget elementor-widget-text-editor\" data-id=\"4537786\" data-element_type=\"widget\" data-e-type=\"widget\" data-widget_type=\"text-editor.default\">\n\t\t\t\t<div class=\"elementor-widget-container\">\n\t\t\t\t\t\t\t\t\t<p>Ist die Arbeit von zu Hause aus eine Herausforderung f\u00fcr Sie? Stille und Konzentration sind nur noch eine wage Erinnerung?<br \/>Das <strong>Best Western Plus Tower Hotel Bologna <\/strong>in Bologna hat die richtige L\u00f6sung f\u00fcr Sie!  <\/p>\n<p>Mit dem <strong>SmartWorking Room<\/strong> gewinnen Sie Ihre Konzentration in einer komfortablen, privaten und sicheren Umgebung zur\u00fcck!<\/p>\n<p>Zus\u00e4tzlich zu den Einzeltagen k\u00f6nnen Sie auch <strong>exklusive Pakete mit 5 oder 20 Buchungen<\/strong> zu einem Sonderpreis erwerben.<\/p>\n\t\t\t\t\t\t\t\t<\/div>\n\t\t\t\t<\/div>\n\t\t<div class=\"elementor-element elementor-element-4ad8f39 e-con-full e-flex e-con e-child\" data-id=\"4ad8f39\" data-element_type=\"container\" data-e-type=\"container\">\n\t\t<div class=\"elementor-element elementor-element-f152fd9 e-con-full e-flex e-con e-child\" data-id=\"f152fd9\" data-element_type=\"container\" data-e-type=\"container\">\n\t\t\t\t<div class=\"elementor-element elementor-element-012193f elementor-widget elementor-widget-heading\" data-id=\"012193f\" data-element_type=\"widget\" data-e-type=\"widget\" data-widget_type=\"heading.default\">\n\t\t\t\t<div class=\"elementor-widget-container\">\n\t\t\t\t\t<h3 class=\"elementor-heading-title elementor-size-default\">Ein privater Raum zum Arbeiten in Ruhe und Sicherheit<\/h3>\t\t\t\t<\/div>\n\t\t\t\t<\/div>\n\t\t\t\t<div class=\"elementor-element elementor-element-4dc3a8c elementor-widget elementor-widget-text-editor\" data-id=\"4dc3a8c\" data-element_type=\"widget\" data-e-type=\"widget\" data-widget_type=\"text-editor.default\">\n\t\t\t\t<div class=\"elementor-widget-container\">\n\t\t\t\t\t\t\t\t\t<ul>\n<li><strong>Privatzimmer <\/strong>mit eigenem Bad<\/li>\n<li>Komfortabler <strong>Arbeitsplatz<\/strong><\/li>\n<li><strong>Hochgeschwindigkeits-WLAN-Verbindung<\/strong><\/li>\n<li>Maximale <strong>Privatsph\u00e4re<\/strong><\/li>\n<li><strong>Strenge Standards f\u00fcr Sauberkeit und Hygiene<\/strong><\/li>\n<li>Coffee Corner<\/li>\n<\/ul>\n\t\t\t\t\t\t\t\t<\/div>\n\t\t\t\t<\/div>\n\t\t\t\t<\/div>\n\t\t<div class=\"elementor-element elementor-element-d822108 e-con-full e-flex e-con e-child\" data-id=\"d822108\" data-element_type=\"container\" data-e-type=\"container\">\n\t\t\t\t<div class=\"elementor-element elementor-element-8fd5dbe elementor-widget elementor-widget-heading\" data-id=\"8fd5dbe\" data-element_type=\"widget\" data-e-type=\"widget\" data-widget_type=\"heading.default\">\n\t\t\t\t<div class=\"elementor-widget-container\">\n\t\t\t\t\t<h3 class=\"elementor-heading-title elementor-size-default\">Die effizienten Dienstleistungen einer Hotelrezeption<\/h3>\t\t\t\t<\/div>\n\t\t\t\t<\/div>\n\t\t\t\t<div class=\"elementor-element elementor-element-86b0f5a elementor-widget elementor-widget-text-editor\" data-id=\"86b0f5a\" data-element_type=\"widget\" data-e-type=\"widget\" data-widget_type=\"text-editor.default\">\n\t\t\t\t<div class=\"elementor-widget-container\">\n\t\t\t\t\t\t\t\t\t<ul>\n<li>Rezeption und <strong>Concierge<\/strong><\/li>\n<li>Abholung und Zustellung von Paketen<\/li>\n<li><strong>Druckservice<\/strong>: bis zu 20 Blatt s\/w kostenlos, danach nach Verbrauch<\/li>\n<\/ul>\n\t\t\t\t\t\t\t\t<\/div>\n\t\t\t\t<\/div>\n\t\t\t\t<\/div>\n\t\t<div class=\"elementor-element elementor-element-630e2c4 e-con-full e-flex e-con e-child\" data-id=\"630e2c4\" data-element_type=\"container\" data-e-type=\"container\">\n\t\t\t\t<div class=\"elementor-element elementor-element-7a422c2 elementor-widget elementor-widget-heading\" data-id=\"7a422c2\" data-element_type=\"widget\" data-e-type=\"widget\" data-widget_type=\"heading.default\">\n\t\t\t\t<div class=\"elementor-widget-container\">\n\t\t\t\t\t<h3 class=\"elementor-heading-title elementor-size-default\">Au\u00dferdem: zus\u00e4tzliche Annehmlichkeiten in Reichweite<\/h3>\t\t\t\t<\/div>\n\t\t\t\t<\/div>\n\t\t\t\t<div class=\"elementor-element elementor-element-2ae860d elementor-widget elementor-widget-text-editor\" data-id=\"2ae860d\" data-element_type=\"widget\" data-e-type=\"widget\" data-widget_type=\"text-editor.default\">\n\t\t\t\t<div class=\"elementor-widget-container\">\n\t\t\t\t\t\t\t\t\t<ul>\n<li><strong>Kostenlose Parkpl\u00e4tze<\/strong><\/li>\n<li><strong>Zugang zum Fitnessraum <\/strong>(gem\u00e4\u00df den gesetzlichen Bestimmungen)<\/li>\n<li><strong>Room Service<\/strong> (auf Anfrage)<\/li>\n<\/ul>\n\t\t\t\t\t\t\t\t<\/div>\n\t\t\t\t<\/div>\n\t\t\t\t<\/div>\n\t\t\t\t<\/div>\n\t\t\t\t<div class=\"elementor-element elementor-element-b29879b elementor-widget-mobile__width-inherit elementor-mobile-align-center elementor-align-center elementor-invisible elementor-widget elementor-widget-button\" data-id=\"b29879b\" data-element_type=\"widget\" data-e-type=\"widget\" data-settings=\"{&quot;_animation&quot;:&quot;fadeIn&quot;,&quot;_animation_mobile&quot;:&quot;none&quot;}\" data-widget_type=\"button.default\">\n\t\t\t\t<div class=\"elementor-widget-container\">\n\t\t\t\t\t\t\t\t\t<div class=\"elementor-button-wrapper\">\n\t\t\t\t\t<a class=\"elementor-button elementor-button-link elementor-size-sm\" href=\"mailto:info@towerhotelbologna.com?subject=Smart%20Working%20Zimmeranfrage\">\n\t\t\t\t\t\t<span class=\"elementor-button-content-wrapper\">\n\t\t\t\t\t\t\t\t\t<span class=\"elementor-button-text\">Senden Sie Ihre Anfrage<\/span>\n\t\t\t\t\t<\/span>\n\t\t\t\t\t<\/a>\n\t\t\t\t<\/div>\n\t\t\t\t\t\t\t\t<\/div>\n\t\t\t\t<\/div>\n\t\t\t\t\t<\/div>\n\t\t\t\t<\/div>\n\t\t<div class=\"elementor-element elementor-element-8bf53a3 e-con-full e-flex e-con e-parent\" data-id=\"8bf53a3\" data-element_type=\"container\" data-e-type=\"container\">\n\t\t<div class=\"elementor-element elementor-element-025dbb7 e-con-full e-flex e-con e-child\" data-id=\"025dbb7\" data-element_type=\"container\" data-e-type=\"container\">\n\t\t\t\t<div class=\"elementor-element elementor-element-8ec03c0 elementor-view-default elementor-widget elementor-widget-icon\" data-id=\"8ec03c0\" data-element_type=\"widget\" data-e-type=\"widget\" data-widget_type=\"icon.default\">\n\t\t\t\t<div class=\"elementor-widget-container\">\n\t\t\t\t\t\t\t<div class=\"elementor-icon-wrapper\">\n\t\t\t<div class=\"elementor-icon\">\n\t\t\t<svg aria-hidden=\"true\" class=\"e-font-icon-svg e-fas-info-circle\" viewBox=\"0 0 512 512\" xmlns=\"http:\/\/www.w3.org\/2000\/svg\"><path d=\"M256 8C119.043 8 8 119.083 8 256c0 136.997 111.043 248 248 248s248-111.003 248-248C504 119.083 392.957 8 256 8zm0 110c23.196 0 42 18.804 42 42s-18.804 42-42 42-42-18.804-42-42 18.804-42 42-42zm56 254c0 6.627-5.373 12-12 12h-88c-6.627 0-12-5.373-12-12v-24c0-6.627 5.373-12 12-12h12v-64h-12c-6.627 0-12-5.373-12-12v-24c0-6.627 5.373-12 12-12h64c6.627 0 12 5.373 12 12v100h12c6.627 0 12 5.373 12 12v24z\"><\/path><\/svg>\t\t\t<\/div>\n\t\t<\/div>\n\t\t\t\t\t\t<\/div>\n\t\t\t\t<\/div>\n\t\t\t\t<div class=\"elementor-element elementor-element-2aca6b4 elementor-widget elementor-widget-heading\" data-id=\"2aca6b4\" data-element_type=\"widget\" data-e-type=\"widget\" data-widget_type=\"heading.default\">\n\t\t\t\t<div class=\"elementor-widget-container\">\n\t\t\t\t\t<span class=\"elementor-heading-title elementor-size-default\">Fristen und Bedingungen<\/span>\t\t\t\t<\/div>\n\t\t\t\t<\/div>\n\t\t\t\t<div class=\"elementor-element elementor-element-ec3a089 elementor-widget elementor-widget-text-editor\" data-id=\"ec3a089\" data-element_type=\"widget\" data-e-type=\"widget\" data-widget_type=\"text-editor.default\">\n\t\t\t\t<div class=\"elementor-widget-container\">\n\t\t\t\t\t\t\t\t\t<p>Die Reservierung des SmartWorking-Rooms ist abh\u00e4ngig von der Verf\u00fcgbarkeit und wird direkt vom Hotel per E-Mail best\u00e4tigt.<br \/>Die Reservierung gilt f\u00fcr eine Einzelbelegung.<br \/>Garantierte Verf\u00fcgbarkeit von 9:00 bis 18:00 Uhr<br \/>F\u00fcr die Reservierung werden 250 BWR-Punkte vergeben.<br \/>Die Zahlung erfolgt direkt im Hotel.<br \/>Die Stornierung muss bis 18:00 Uhr am Tag vor der Nutzung erfolgen.<\/p>\n\t\t\t\t\t\t\t\t<\/div>\n\t\t\t\t<\/div>\n\t\t\t\t<\/div>\n\t\t\t\t<\/div>\n\t\t<div class=\"elementor-element elementor-element-3c303ba e-flex e-con-boxed e-con e-parent\" data-id=\"3c303ba\" data-element_type=\"container\" data-e-type=\"container\">\n\t\t\t\t\t<div class=\"e-con-inner\">\n\t\t\t\t<div class=\"elementor-element elementor-element-9b3cfcf elementor-widget-mobile__width-inherit elementor-mobile-align-center elementor-align-center elementor-invisible elementor-widget elementor-widget-button\" data-id=\"9b3cfcf\" data-element_type=\"widget\" data-e-type=\"widget\" data-settings=\"{&quot;_animation&quot;:&quot;fadeIn&quot;,&quot;_animation_mobile&quot;:&quot;none&quot;}\" data-widget_type=\"button.default\">\n\t\t\t\t<div class=\"elementor-widget-container\">\n\t\t\t\t\t\t\t\t\t<div class=\"elementor-button-wrapper\">\n\t\t\t\t\t<a class=\"elementor-button elementor-button-link elementor-size-sm\" href=\"https:\/\/www.towerhotelbologna.com\/de\/leistungen-hotel-bologna\/\">\n\t\t\t\t\t\t<span class=\"elementor-button-content-wrapper\">\n\t\t\t\t\t\t\t\t\t<span class=\"elementor-button-text\">Zur\u00fcck zu den Leistungen &gt;<\/span>\n\t\t\t\t\t<\/span>\n\t\t\t\t\t<\/a>\n\t\t\t\t<\/div>\n\t\t\t\t\t\t\t\t<\/div>\n\t\t\t\t<\/div>\n\t\t\t\t\t<\/div>\n\t\t\t\t<\/div>\n\t\t\t\t<\/div>\n\t\t","protected":false},"excerpt":{"rendered":"<p>Smart Working Room Hotelkomfort, der Ihrer Arbeit zu Diensten steht Ist die Arbeit von zu Hause aus eine Herausforderung f\u00fcr Sie? Stille und Konzentration sind nur noch eine wage Erinnerung?Das Best Western Plus Tower Hotel Bologna in Bologna hat die richtige L\u00f6sung f\u00fcr Sie! Mit dem SmartWorking Room gewinnen Sie Ihre Konzentration in einer komfortablen, [&hellip;]<\/p>\n","protected":false},"author":6,"featured_media":2910,"parent":3382,"menu_order":0,"comment_status":"closed","ping_status":"closed","template":"","meta":{"footnotes":""},"class_list":["post-3409","page","type-page","status-publish","has-post-thumbnail","hentry"],"yoast_head":"<!-- This site is optimized with the Yoast SEO plugin v27.3 - https:\/\/yoast.com\/product\/yoast-seo-wordpress\/ -->\n<title>Smart Working Room - BW Plus Tower Hotel 4 Sterne Bologna<\/title>\n<meta name=\"description\" content=\"Konzentrieren Sie sich wieder in einer komfortablen, privaten und sicheren Umgebung: Im Tower Hotel Bologna stehen Ihnen Highspeed-Verbindungen und Dienste f\u00fcr die Fernarbeit zur Verf\u00fcgung.\" \/>\n<meta name=\"robots\" content=\"index, follow, max-snippet:-1, max-image-preview:large, max-video-preview:-1\" \/>\n<link rel=\"canonical\" href=\"https:\/\/www.towerhotelbologna.com\/de\/leistungen-hotel-bologna\/smart-working-room\/\" \/>\n<meta property=\"og:locale\" content=\"de_DE\" \/>\n<meta property=\"og:type\" content=\"article\" \/>\n<meta property=\"og:title\" content=\"Smart Working Room - BW Plus Tower Hotel 4 Sterne Bologna\" \/>\n<meta property=\"og:description\" content=\"Konzentrieren Sie sich wieder in einer komfortablen, privaten und sicheren Umgebung: Im Tower Hotel Bologna stehen Ihnen Highspeed-Verbindungen und Dienste f\u00fcr die Fernarbeit zur Verf\u00fcgung.\" \/>\n<meta property=\"og:url\" content=\"https:\/\/www.towerhotelbologna.com\/de\/leistungen-hotel-bologna\/smart-working-room\/\" \/>\n<meta property=\"og:site_name\" content=\"98361 Tower Hotel Bologna\" \/>\n<meta property=\"article:modified_time\" content=\"2025-03-03T13:17:37+00:00\" \/>\n<meta property=\"og:image\" content=\"https:\/\/bwh-cdn.neen.dev\/wp-content\/uploads\/sites\/107\/2025\/01\/business1.webp\" \/>\n\t<meta property=\"og:image:width\" content=\"1920\" \/>\n\t<meta property=\"og:image:height\" content=\"1280\" \/>\n\t<meta property=\"og:image:type\" content=\"image\/webp\" \/>\n<meta name=\"twitter:card\" content=\"summary_large_image\" \/>\n<meta name=\"twitter:label1\" content=\"Gesch\u00e4tzte Lesezeit\" \/>\n\t<meta name=\"twitter:data1\" content=\"2\u00a0Minuten\" \/>\n<script type=\"application\/ld+json\" class=\"yoast-schema-graph\">{\"@context\":\"https:\\\/\\\/schema.org\",\"@graph\":[{\"@type\":\"WebPage\",\"@id\":\"https:\\\/\\\/www.towerhotelbologna.com\\\/de\\\/leistungen-hotel-bologna\\\/smart-working-room\\\/\",\"url\":\"https:\\\/\\\/www.towerhotelbologna.com\\\/de\\\/leistungen-hotel-bologna\\\/smart-working-room\\\/\",\"name\":\"Smart Working Room - BW Plus Tower Hotel 4 Sterne Bologna\",\"isPartOf\":{\"@id\":\"https:\\\/\\\/www.towerhotelbologna.com\\\/de\\\/#website\"},\"primaryImageOfPage\":{\"@id\":\"https:\\\/\\\/www.towerhotelbologna.com\\\/de\\\/leistungen-hotel-bologna\\\/smart-working-room\\\/#primaryimage\"},\"image\":{\"@id\":\"https:\\\/\\\/www.towerhotelbologna.com\\\/de\\\/leistungen-hotel-bologna\\\/smart-working-room\\\/#primaryimage\"},\"thumbnailUrl\":\"https:\\\/\\\/www.towerhotelbologna.com\\\/wp-content\\\/uploads\\\/sites\\\/107\\\/2025\\\/01\\\/business1.webp\",\"datePublished\":\"2025-01-31T15:20:11+00:00\",\"dateModified\":\"2025-03-03T13:17:37+00:00\",\"description\":\"Konzentrieren Sie sich wieder in einer komfortablen, privaten und sicheren Umgebung: Im Tower Hotel Bologna stehen Ihnen Highspeed-Verbindungen und Dienste f\u00fcr die Fernarbeit zur Verf\u00fcgung.\",\"breadcrumb\":{\"@id\":\"https:\\\/\\\/www.towerhotelbologna.com\\\/de\\\/leistungen-hotel-bologna\\\/smart-working-room\\\/#breadcrumb\"},\"inLanguage\":\"de\",\"potentialAction\":[{\"@type\":\"ReadAction\",\"target\":[\"https:\\\/\\\/www.towerhotelbologna.com\\\/de\\\/leistungen-hotel-bologna\\\/smart-working-room\\\/\"]}]},{\"@type\":\"ImageObject\",\"inLanguage\":\"de\",\"@id\":\"https:\\\/\\\/www.towerhotelbologna.com\\\/de\\\/leistungen-hotel-bologna\\\/smart-working-room\\\/#primaryimage\",\"url\":\"https:\\\/\\\/www.towerhotelbologna.com\\\/wp-content\\\/uploads\\\/sites\\\/107\\\/2025\\\/01\\\/business1.webp\",\"contentUrl\":\"https:\\\/\\\/www.towerhotelbologna.com\\\/wp-content\\\/uploads\\\/sites\\\/107\\\/2025\\\/01\\\/business1.webp\",\"width\":1920,\"height\":1280,\"caption\":\"Smart Working Room - Tower Hotel Bologna\"},{\"@type\":\"BreadcrumbList\",\"@id\":\"https:\\\/\\\/www.towerhotelbologna.com\\\/de\\\/leistungen-hotel-bologna\\\/smart-working-room\\\/#breadcrumb\",\"itemListElement\":[{\"@type\":\"ListItem\",\"position\":1,\"name\":\"Home\",\"item\":\"https:\\\/\\\/www.towerhotelbologna.com\\\/de\\\/home\\\/\"},{\"@type\":\"ListItem\",\"position\":2,\"name\":\"Dienste\",\"item\":\"https:\\\/\\\/www.towerhotelbologna.com\\\/de\\\/leistungen-hotel-bologna\\\/\"},{\"@type\":\"ListItem\",\"position\":3,\"name\":\"Smart Working Room\"}]},{\"@type\":\"WebSite\",\"@id\":\"https:\\\/\\\/www.towerhotelbologna.com\\\/de\\\/#website\",\"url\":\"https:\\\/\\\/www.towerhotelbologna.com\\\/de\\\/\",\"name\":\"98361 Tower Hotel Bologna\",\"description\":\"\",\"publisher\":{\"@id\":\"https:\\\/\\\/www.towerhotelbologna.com\\\/de\\\/#organization\"},\"potentialAction\":[{\"@type\":\"SearchAction\",\"target\":{\"@type\":\"EntryPoint\",\"urlTemplate\":\"https:\\\/\\\/www.towerhotelbologna.com\\\/de\\\/?s={search_term_string}\"},\"query-input\":{\"@type\":\"PropertyValueSpecification\",\"valueRequired\":true,\"valueName\":\"search_term_string\"}}],\"inLanguage\":\"de\"},{\"@type\":\"Organization\",\"@id\":\"https:\\\/\\\/www.towerhotelbologna.com\\\/de\\\/#organization\",\"name\":\"98361 Tower Hotel Bologna\",\"url\":\"https:\\\/\\\/www.towerhotelbologna.com\\\/de\\\/\",\"logo\":{\"@type\":\"ImageObject\",\"inLanguage\":\"de\",\"@id\":\"https:\\\/\\\/www.towerhotelbologna.com\\\/de\\\/#\\\/schema\\\/logo\\\/image\\\/\",\"url\":\"https:\\\/\\\/www.towerhotelbologna.com\\\/wp-content\\\/uploads\\\/sites\\\/107\\\/2024\\\/07\\\/BWPlus.png\",\"contentUrl\":\"https:\\\/\\\/www.towerhotelbologna.com\\\/wp-content\\\/uploads\\\/sites\\\/107\\\/2024\\\/07\\\/BWPlus.png\",\"width\":420,\"height\":191,\"caption\":\"98361 Tower Hotel Bologna\"},\"image\":{\"@id\":\"https:\\\/\\\/www.towerhotelbologna.com\\\/de\\\/#\\\/schema\\\/logo\\\/image\\\/\"}}]}<\/script>\n<!-- \/ Yoast SEO plugin. -->","yoast_head_json":{"title":"Smart Working Room - BW Plus Tower Hotel 4 Sterne Bologna","description":"Konzentrieren Sie sich wieder in einer komfortablen, privaten und sicheren Umgebung: Im Tower Hotel Bologna stehen Ihnen Highspeed-Verbindungen und Dienste f\u00fcr die Fernarbeit zur Verf\u00fcgung.","robots":{"index":"index","follow":"follow","max-snippet":"max-snippet:-1","max-image-preview":"max-image-preview:large","max-video-preview":"max-video-preview:-1"},"canonical":"https:\/\/www.towerhotelbologna.com\/de\/leistungen-hotel-bologna\/smart-working-room\/","og_locale":"de_DE","og_type":"article","og_title":"Smart Working Room - BW Plus Tower Hotel 4 Sterne Bologna","og_description":"Konzentrieren Sie sich wieder in einer komfortablen, privaten und sicheren Umgebung: Im Tower Hotel Bologna stehen Ihnen Highspeed-Verbindungen und Dienste f\u00fcr die Fernarbeit zur Verf\u00fcgung.","og_url":"https:\/\/www.towerhotelbologna.com\/de\/leistungen-hotel-bologna\/smart-working-room\/","og_site_name":"98361 Tower Hotel Bologna","article_modified_time":"2025-03-03T13:17:37+00:00","og_image":[{"width":1920,"height":1280,"url":"https:\/\/bwh-cdn.neen.dev\/wp-content\/uploads\/sites\/107\/2025\/01\/business1.webp","type":"image\/webp"}],"twitter_card":"summary_large_image","twitter_misc":{"Gesch\u00e4tzte Lesezeit":"2\u00a0Minuten"},"schema":{"@context":"https:\/\/schema.org","@graph":[{"@type":"WebPage","@id":"https:\/\/www.towerhotelbologna.com\/de\/leistungen-hotel-bologna\/smart-working-room\/","url":"https:\/\/www.towerhotelbologna.com\/de\/leistungen-hotel-bologna\/smart-working-room\/","name":"Smart Working Room - BW Plus Tower Hotel 4 Sterne Bologna","isPartOf":{"@id":"https:\/\/www.towerhotelbologna.com\/de\/#website"},"primaryImageOfPage":{"@id":"https:\/\/www.towerhotelbologna.com\/de\/leistungen-hotel-bologna\/smart-working-room\/#primaryimage"},"image":{"@id":"https:\/\/www.towerhotelbologna.com\/de\/leistungen-hotel-bologna\/smart-working-room\/#primaryimage"},"thumbnailUrl":"https:\/\/www.towerhotelbologna.com\/wp-content\/uploads\/sites\/107\/2025\/01\/business1.webp","datePublished":"2025-01-31T15:20:11+00:00","dateModified":"2025-03-03T13:17:37+00:00","description":"Konzentrieren Sie sich wieder in einer komfortablen, privaten und sicheren Umgebung: Im Tower Hotel Bologna stehen Ihnen Highspeed-Verbindungen und Dienste f\u00fcr die Fernarbeit zur Verf\u00fcgung.","breadcrumb":{"@id":"https:\/\/www.towerhotelbologna.com\/de\/leistungen-hotel-bologna\/smart-working-room\/#breadcrumb"},"inLanguage":"de","potentialAction":[{"@type":"ReadAction","target":["https:\/\/www.towerhotelbologna.com\/de\/leistungen-hotel-bologna\/smart-working-room\/"]}]},{"@type":"ImageObject","inLanguage":"de","@id":"https:\/\/www.towerhotelbologna.com\/de\/leistungen-hotel-bologna\/smart-working-room\/#primaryimage","url":"https:\/\/www.towerhotelbologna.com\/wp-content\/uploads\/sites\/107\/2025\/01\/business1.webp","contentUrl":"https:\/\/www.towerhotelbologna.com\/wp-content\/uploads\/sites\/107\/2025\/01\/business1.webp","width":1920,"height":1280,"caption":"Smart Working Room - Tower Hotel Bologna"},{"@type":"BreadcrumbList","@id":"https:\/\/www.towerhotelbologna.com\/de\/leistungen-hotel-bologna\/smart-working-room\/#breadcrumb","itemListElement":[{"@type":"ListItem","position":1,"name":"Home","item":"https:\/\/www.towerhotelbologna.com\/de\/home\/"},{"@type":"ListItem","position":2,"name":"Dienste","item":"https:\/\/www.towerhotelbologna.com\/de\/leistungen-hotel-bologna\/"},{"@type":"ListItem","position":3,"name":"Smart Working Room"}]},{"@type":"WebSite","@id":"https:\/\/www.towerhotelbologna.com\/de\/#website","url":"https:\/\/www.towerhotelbologna.com\/de\/","name":"98361 Tower Hotel Bologna","description":"","publisher":{"@id":"https:\/\/www.towerhotelbologna.com\/de\/#organization"},"potentialAction":[{"@type":"SearchAction","target":{"@type":"EntryPoint","urlTemplate":"https:\/\/www.towerhotelbologna.com\/de\/?s={search_term_string}"},"query-input":{"@type":"PropertyValueSpecification","valueRequired":true,"valueName":"search_term_string"}}],"inLanguage":"de"},{"@type":"Organization","@id":"https:\/\/www.towerhotelbologna.com\/de\/#organization","name":"98361 Tower Hotel Bologna","url":"https:\/\/www.towerhotelbologna.com\/de\/","logo":{"@type":"ImageObject","inLanguage":"de","@id":"https:\/\/www.towerhotelbologna.com\/de\/#\/schema\/logo\/image\/","url":"https:\/\/www.towerhotelbologna.com\/wp-content\/uploads\/sites\/107\/2024\/07\/BWPlus.png","contentUrl":"https:\/\/www.towerhotelbologna.com\/wp-content\/uploads\/sites\/107\/2024\/07\/BWPlus.png","width":420,"height":191,"caption":"98361 Tower Hotel Bologna"},"image":{"@id":"https:\/\/www.towerhotelbologna.com\/de\/#\/schema\/logo\/image\/"}}]}},"_links":{"self":[{"href":"https:\/\/www.towerhotelbologna.com\/de\/wp-json\/wp\/v2\/pages\/3409","targetHints":{"allow":["GET"]}}],"collection":[{"href":"https:\/\/www.towerhotelbologna.com\/de\/wp-json\/wp\/v2\/pages"}],"about":[{"href":"https:\/\/www.towerhotelbologna.com\/de\/wp-json\/wp\/v2\/types\/page"}],"author":[{"embeddable":true,"href":"https:\/\/www.towerhotelbologna.com\/de\/wp-json\/wp\/v2\/users\/6"}],"replies":[{"embeddable":true,"href":"https:\/\/www.towerhotelbologna.com\/de\/wp-json\/wp\/v2\/comments?post=3409"}],"version-history":[{"count":0,"href":"https:\/\/www.towerhotelbologna.com\/de\/wp-json\/wp\/v2\/pages\/3409\/revisions"}],"up":[{"embeddable":true,"href":"https:\/\/www.towerhotelbologna.com\/de\/wp-json\/wp\/v2\/pages\/3382"}],"wp:featuredmedia":[{"embeddable":true,"href":"https:\/\/www.towerhotelbologna.com\/de\/wp-json\/wp\/v2\/media\/2910"}],"wp:attachment":[{"href":"https:\/\/www.towerhotelbologna.com\/de\/wp-json\/wp\/v2\/media?parent=3409"}],"curies":[{"name":"wp","href":"https:\/\/api.w.org\/{rel}","templated":true}]}}