{"id":3397,"date":"2025-02-03T15:12:26","date_gmt":"2025-02-03T14:12:26","guid":{"rendered":"https:\/\/98361-towerhotelbologna.tempwebsite.it\/leistungen\/silver-hotel\/"},"modified":"2025-05-26T10:19:40","modified_gmt":"2025-05-26T08:19:40","slug":"silver-hotel","status":"publish","type":"page","link":"https:\/\/www.towerhotelbologna.com\/de\/leistungen-hotel-bologna\/silver-hotel\/","title":{"rendered":"Silver Hotel"},"content":{"rendered":"\t\t<div data-elementor-type=\"wp-page\" data-elementor-id=\"3397\" class=\"elementor elementor-3397 elementor-1602\" data-elementor-post-type=\"page\">\n\t\t\t\t<div class=\"elementor-element elementor-element-039c4d8 e-flex e-con-boxed e-con e-parent\" data-id=\"039c4d8\" data-element_type=\"container\" data-e-type=\"container\" data-settings=\"{&quot;background_background&quot;:&quot;classic&quot;,&quot;shape_divider_bottom&quot;:&quot;curve&quot;}\">\n\t\t\t\t\t<div class=\"e-con-inner\">\n\t\t\t\t<div class=\"elementor-shape elementor-shape-bottom\" aria-hidden=\"true\" data-negative=\"false\">\n\t\t\t<svg xmlns=\"http:\/\/www.w3.org\/2000\/svg\" viewBox=\"0 0 1000 100\" preserveAspectRatio=\"none\">\n    <path class=\"elementor-shape-fill\" d=\"M1000,4.3V0H0v4.3C0.9,23.1,126.7,99.2,500,100S1000,22.7,1000,4.3z\"\/>\n<\/svg>\t\t<\/div>\n\t\t\t\t\t<\/div>\n\t\t\t\t<\/div>\n\t\t<div class=\"elementor-element elementor-element-eae2b7d e-flex e-con-boxed e-con e-parent\" data-id=\"eae2b7d\" data-element_type=\"container\" data-e-type=\"container\">\n\t\t\t\t\t<div class=\"e-con-inner\">\n\t\t\t\t<div class=\"elementor-element elementor-element-26454c1 elementor-widget elementor-widget-heading\" data-id=\"26454c1\" data-element_type=\"widget\" data-e-type=\"widget\" data-widget_type=\"heading.default\">\n\t\t\t\t<div class=\"elementor-widget-container\">\n\t\t\t\t\t<h1 class=\"elementor-heading-title elementor-size-default\">Silver Hotel<\/h1>\t\t\t\t<\/div>\n\t\t\t\t<\/div>\n\t\t\t\t<div class=\"elementor-element elementor-element-c8e5160 elementor-widget elementor-widget-heading\" data-id=\"c8e5160\" data-element_type=\"widget\" data-e-type=\"widget\" data-widget_type=\"heading.default\">\n\t\t\t\t<div class=\"elementor-widget-container\">\n\t\t\t\t\t<h2 class=\"elementor-heading-title elementor-size-default\">Sind Sie ein Reisender \u00fcber 65? W\u00e4hlen Sie uns f\u00fcr Ihren Aufenthalt!  <\/h2>\t\t\t\t<\/div>\n\t\t\t\t<\/div>\n\t\t\t\t<div class=\"elementor-element elementor-element-88f226c elementor-widget-divider--view-line elementor-widget elementor-widget-divider\" data-id=\"88f226c\" data-element_type=\"widget\" data-e-type=\"widget\" data-widget_type=\"divider.default\">\n\t\t\t\t<div class=\"elementor-widget-container\">\n\t\t\t\t\t\t\t<div class=\"elementor-divider\">\n\t\t\t<span class=\"elementor-divider-separator\">\n\t\t\t\t\t\t<\/span>\n\t\t<\/div>\n\t\t\t\t\t\t<\/div>\n\t\t\t\t<\/div>\n\t\t\t\t<div class=\"elementor-element elementor-element-4537786 elementor-widget elementor-widget-text-editor\" data-id=\"4537786\" data-element_type=\"widget\" data-e-type=\"widget\" data-widget_type=\"text-editor.default\">\n\t\t\t\t<div class=\"elementor-widget-container\">\n\t\t\t\t\t\t\t\t\t<p>Im Best Western Plus Tower Hotel Bologna bieten wir <strong>viele Aufmerksamkeiten<\/strong> f\u00fcr diejenigen, die den <strong>Slow Tourismus<\/strong> lieben und die Stadt und ihre Laubeng\u00e4nge mit allem <strong>Komfort erkunden <\/strong>m\u00f6chten!<\/p>\n<p>F\u00fcr <strong>Reisende \u00fcber 65 Jahre<\/strong>, die die Sch\u00f6nheiten von Bologna besuchen wollen, <strong>viele Dienstleistungen und Annehmlichkeiten<\/strong>!<\/p>\n\t\t\t\t\t\t\t\t<\/div>\n\t\t\t\t<\/div>\n\t\t\t\t\t<\/div>\n\t\t\t\t<\/div>\n\t\t<div class=\"elementor-element elementor-element-b0c64bc e-flex e-con-boxed e-con e-parent\" data-id=\"b0c64bc\" data-element_type=\"container\" data-e-type=\"container\" data-settings=\"{&quot;animation_mobile&quot;:&quot;none&quot;}\">\n\t\t\t\t\t<div class=\"e-con-inner\">\n\t\t<div class=\"elementor-element elementor-element-5d3824f e-con-full e-flex elementor-invisible e-con e-child\" data-id=\"5d3824f\" data-element_type=\"container\" data-e-type=\"container\" data-settings=\"{&quot;motion_fx_motion_fx_scrolling&quot;:&quot;yes&quot;,&quot;animation&quot;:&quot;fadeInLeft&quot;,&quot;animation_mobile&quot;:&quot;fadeIn&quot;,&quot;background_background&quot;:&quot;classic&quot;,&quot;motion_fx_devices&quot;:[&quot;desktop&quot;,&quot;tablet&quot;,&quot;mobile&quot;]}\">\n\t\t<div class=\"elementor-element elementor-element-94b3aaf e-con-full e-flex e-con e-child\" data-id=\"94b3aaf\" data-element_type=\"container\" data-e-type=\"container\" data-settings=\"{&quot;animation_mobile&quot;:&quot;none&quot;}\">\n\t\t\t\t<div class=\"elementor-element elementor-element-a7aea8d elementor-widget elementor-widget-heading\" data-id=\"a7aea8d\" data-element_type=\"widget\" data-e-type=\"widget\" data-settings=\"{&quot;_animation_mobile&quot;:&quot;none&quot;}\" data-widget_type=\"heading.default\">\n\t\t\t\t<div class=\"elementor-widget-container\">\n\t\t\t\t\t<h3 class=\"elementor-heading-title elementor-size-default\">Kostenlose Dienstleistungen im Hotel<\/h3>\t\t\t\t<\/div>\n\t\t\t\t<\/div>\n\t\t\t\t<div class=\"elementor-element elementor-element-c6ba9de elementor-widget elementor-widget-text-editor\" data-id=\"c6ba9de\" data-element_type=\"widget\" data-e-type=\"widget\" data-settings=\"{&quot;_animation_mobile&quot;:&quot;none&quot;}\" data-widget_type=\"text-editor.default\">\n\t\t\t\t<div class=\"elementor-widget-container\">\n\t\t\t\t\t\t\t\t\t<ul>\n \t<li>Ein f\u00fcrsorglicher Concierge unterst\u00fctzt Sie bei der digitalen Anbindung, beim Ein- und Auschecken und gibt Ihnen Wegbeschreibungen, Tipps und Ratschl\u00e4ge zu lokalen Sehensw\u00fcrdigkeiten und Servicebuchungen;<\/li>\n \t<li>Kostenlose Wasserflasche bei der Ankunft;<\/li>\n \t<li>10 % Rabatt auf interne Hoteldienstleistungen;<\/li>\n \t<li>Parkplatz, bequem und in der N\u00e4he des Eingangs;<\/li>\n \t<li>Fr\u00fchst\u00fccksecke mit nat\u00fcrlichen und gesunden Produkten;<\/li>\n \t<li>Vorschlag f\u00fcr lokale Erlebnisse, die mit Anbietern vor Ort organisiert werden;<\/li>\n \t<li>Transferservice auf Anfrage;<\/li>\n \t<li>Kostenlose Gep\u00e4ckaufbewahrung;<\/li>\n \t<li>Wenden Sie sich an den medizinischen Notdienst, der rund um die Uhr erreichbar ist.<\/li>\n<\/ul>\nDas Hotel verf\u00fcgt \u00fcber barrierefreie Zimmer, jederzeit zug\u00e4ngliche Gemeinschaftsr\u00e4ume, einen Restaurant-Service f\u00fcr die drei Hauptmahlzeiten &#8211; Fr\u00fchst\u00fcck, Mittag- und Abendessen &#8211; und eine rund um die Uhr ge\u00f6ffnete Bar.\t\t\t\t\t\t\t\t<\/div>\n\t\t\t\t<\/div>\n\t\t\t\t<\/div>\n\t\t\t\t<\/div>\n\t\t<div class=\"elementor-element elementor-element-3daee27 e-con-full e-flex elementor-invisible e-con e-child\" data-id=\"3daee27\" data-element_type=\"container\" data-e-type=\"container\" data-settings=\"{&quot;background_background&quot;:&quot;classic&quot;,&quot;animation&quot;:&quot;fadeInRight&quot;,&quot;animation_mobile&quot;:&quot;none&quot;}\">\n\t\t\t\t<div class=\"elementor-element elementor-element-012193f elementor-widget elementor-widget-heading\" data-id=\"012193f\" data-element_type=\"widget\" data-e-type=\"widget\" data-widget_type=\"heading.default\">\n\t\t\t\t<div class=\"elementor-widget-container\">\n\t\t\t\t\t<h3 class=\"elementor-heading-title elementor-size-default\">Silver-Paket<\/h3>\t\t\t\t<\/div>\n\t\t\t\t<\/div>\n\t\t\t\t<div class=\"elementor-element elementor-element-2cca5c2 elementor-widget-tablet__width-initial elementor-widget-mobile__width-inherit elementor-widget elementor-widget-text-editor\" data-id=\"2cca5c2\" data-element_type=\"widget\" data-e-type=\"widget\" data-widget_type=\"text-editor.default\">\n\t\t\t\t<div class=\"elementor-widget-container\">\n\t\t\t\t\t\t\t\t\t<p>Dar\u00fcber hinaus k\u00f6nnen Sie Ihren Aufenthalt individuell gestalten, indem Sie das Silver-Paket f\u00fcr <strong>10 \u20ac pro Zimmer <\/strong>zu Ihrer Buchung hinzuf\u00fcgen und erhalten:<\/p>\n<ul>\n<li>Einen Wasserkocher mit einer Auswahl an Tees auf dem Zimmer<\/li>\n<li>Pantoffeln und Bademantel<\/li>\n<li>Toilettenset<\/li>\n<li>Free Minibar mit Snacks und Erfrischungsgetr\u00e4nken (1 Flasche stilles Wasser, 1 Flasche Wasser mit Kohlens\u00e4ure, 1 Dose Cola, 1 P\u00e4ckchen Erdn\u00fcsse und 1 P\u00e4ckchen Kekse)<\/li>\n<\/ul>\n<p><strong>F\u00fcgen Sie das Silver-Paket Ihrer Buchung hinzu<\/strong>, nachdem Sie Ihr Zimmer ausgew\u00e4hlt haben, oder fordern Sie es direkt beim Hotel an.<\/p>\t\t\t\t\t\t\t\t<\/div>\n\t\t\t\t<\/div>\n\t\t\t\t<\/div>\n\t\t\t\t\t<\/div>\n\t\t\t\t<\/div>\n\t\t<div class=\"elementor-element elementor-element-d3a3612 e-flex e-con-boxed e-con e-parent\" data-id=\"d3a3612\" data-element_type=\"container\" data-e-type=\"container\">\n\t\t\t\t\t<div class=\"e-con-inner\">\n\t\t\t\t<div class=\"elementor-element elementor-element-c50271a elementor-widget-mobile__width-inherit elementor-mobile-align-center elementor-align-center elementor-invisible elementor-widget elementor-widget-button\" data-id=\"c50271a\" data-element_type=\"widget\" data-e-type=\"widget\" data-settings=\"{&quot;_animation&quot;:&quot;fadeIn&quot;,&quot;_animation_mobile&quot;:&quot;none&quot;}\" data-widget_type=\"button.default\">\n\t\t\t\t<div class=\"elementor-widget-container\">\n\t\t\t\t\t\t\t\t\t<div class=\"elementor-button-wrapper\">\n\t\t\t\t\t<a class=\"elementor-button elementor-button-link elementor-size-sm\" href=\"https:\/\/www.towerhotelbologna.com\/de\/leistungen-hotel-bologna\/\">\n\t\t\t\t\t\t<span class=\"elementor-button-content-wrapper\">\n\t\t\t\t\t\t\t\t\t<span class=\"elementor-button-text\">Zur\u00fcck zu den Leistungen &gt;<\/span>\n\t\t\t\t\t<\/span>\n\t\t\t\t\t<\/a>\n\t\t\t\t<\/div>\n\t\t\t\t\t\t\t\t<\/div>\n\t\t\t\t<\/div>\n\t\t\t\t\t<\/div>\n\t\t\t\t<\/div>\n\t\t\t\t<\/div>\n\t\t","protected":false},"excerpt":{"rendered":"<p>Silver Hotel Sind Sie ein Reisender \u00fcber 65? W\u00e4hlen Sie uns f\u00fcr Ihren Aufenthalt! Im Best Western Plus Tower Hotel Bologna bieten wir viele Aufmerksamkeiten f\u00fcr diejenigen, die den Slow Tourismus lieben und die Stadt und ihre Laubeng\u00e4nge mit allem Komfort erkunden m\u00f6chten! F\u00fcr Reisende \u00fcber 65 Jahre, die die Sch\u00f6nheiten von Bologna besuchen wollen, [&hellip;]<\/p>\n","protected":false},"author":6,"featured_media":2944,"parent":3382,"menu_order":0,"comment_status":"closed","ping_status":"closed","template":"","meta":{"footnotes":""},"class_list":["post-3397","page","type-page","status-publish","has-post-thumbnail","hentry"],"yoast_head":"<!-- This site is optimized with the Yoast SEO plugin v27.3 - https:\/\/yoast.com\/product\/yoast-seo-wordpress\/ -->\n<title>Silver-Paket 65 - BW Plus Tower Hotel Bologna<\/title>\n<meta name=\"description\" content=\"Viele Aufmerksamkeiten f\u00fcr Reisende \u00fcber 65, die die Sch\u00f6nheiten von Bologna mit vollem Komfort besichtigen m\u00f6chten: Entdecken Sie sie alle und buchen Sie im Tower Hotel!\" \/>\n<meta name=\"robots\" content=\"index, follow, max-snippet:-1, max-image-preview:large, max-video-preview:-1\" \/>\n<link rel=\"canonical\" href=\"https:\/\/www.towerhotelbologna.com\/de\/leistungen-hotel-bologna\/silver-hotel\/\" \/>\n<meta property=\"og:locale\" content=\"de_DE\" \/>\n<meta property=\"og:type\" content=\"article\" \/>\n<meta property=\"og:title\" content=\"Silver-Paket 65 - BW Plus Tower Hotel Bologna\" \/>\n<meta property=\"og:description\" content=\"Viele Aufmerksamkeiten f\u00fcr Reisende \u00fcber 65, die die Sch\u00f6nheiten von Bologna mit vollem Komfort besichtigen m\u00f6chten: Entdecken Sie sie alle und buchen Sie im Tower Hotel!\" \/>\n<meta property=\"og:url\" content=\"https:\/\/www.towerhotelbologna.com\/de\/leistungen-hotel-bologna\/silver-hotel\/\" \/>\n<meta property=\"og:site_name\" content=\"98361 Tower Hotel Bologna\" \/>\n<meta property=\"article:modified_time\" content=\"2025-05-26T08:19:40+00:00\" \/>\n<meta property=\"og:image\" content=\"https:\/\/bwh-cdn.neen.dev\/wp-content\/uploads\/sites\/107\/2025\/02\/silver.webp\" \/>\n\t<meta property=\"og:image:width\" content=\"1920\" \/>\n\t<meta property=\"og:image:height\" content=\"1280\" \/>\n\t<meta property=\"og:image:type\" content=\"image\/webp\" \/>\n<meta name=\"twitter:card\" content=\"summary_large_image\" \/>\n<meta name=\"twitter:label1\" content=\"Gesch\u00e4tzte Lesezeit\" \/>\n\t<meta name=\"twitter:data1\" content=\"2\u00a0Minuten\" \/>\n<script type=\"application\/ld+json\" class=\"yoast-schema-graph\">{\"@context\":\"https:\\\/\\\/schema.org\",\"@graph\":[{\"@type\":\"WebPage\",\"@id\":\"https:\\\/\\\/www.towerhotelbologna.com\\\/de\\\/leistungen-hotel-bologna\\\/silver-hotel\\\/\",\"url\":\"https:\\\/\\\/www.towerhotelbologna.com\\\/de\\\/leistungen-hotel-bologna\\\/silver-hotel\\\/\",\"name\":\"Silver-Paket 65 - BW Plus Tower Hotel Bologna\",\"isPartOf\":{\"@id\":\"https:\\\/\\\/www.towerhotelbologna.com\\\/de\\\/#website\"},\"primaryImageOfPage\":{\"@id\":\"https:\\\/\\\/www.towerhotelbologna.com\\\/de\\\/leistungen-hotel-bologna\\\/silver-hotel\\\/#primaryimage\"},\"image\":{\"@id\":\"https:\\\/\\\/www.towerhotelbologna.com\\\/de\\\/leistungen-hotel-bologna\\\/silver-hotel\\\/#primaryimage\"},\"thumbnailUrl\":\"https:\\\/\\\/www.towerhotelbologna.com\\\/wp-content\\\/uploads\\\/sites\\\/107\\\/2025\\\/02\\\/silver.webp\",\"datePublished\":\"2025-02-03T14:12:26+00:00\",\"dateModified\":\"2025-05-26T08:19:40+00:00\",\"description\":\"Viele Aufmerksamkeiten f\u00fcr Reisende \u00fcber 65, die die Sch\u00f6nheiten von Bologna mit vollem Komfort besichtigen m\u00f6chten: Entdecken Sie sie alle und buchen Sie im Tower Hotel!\",\"breadcrumb\":{\"@id\":\"https:\\\/\\\/www.towerhotelbologna.com\\\/de\\\/leistungen-hotel-bologna\\\/silver-hotel\\\/#breadcrumb\"},\"inLanguage\":\"de\",\"potentialAction\":[{\"@type\":\"ReadAction\",\"target\":[\"https:\\\/\\\/www.towerhotelbologna.com\\\/de\\\/leistungen-hotel-bologna\\\/silver-hotel\\\/\"]}]},{\"@type\":\"ImageObject\",\"inLanguage\":\"de\",\"@id\":\"https:\\\/\\\/www.towerhotelbologna.com\\\/de\\\/leistungen-hotel-bologna\\\/silver-hotel\\\/#primaryimage\",\"url\":\"https:\\\/\\\/www.towerhotelbologna.com\\\/wp-content\\\/uploads\\\/sites\\\/107\\\/2025\\\/02\\\/silver.webp\",\"contentUrl\":\"https:\\\/\\\/www.towerhotelbologna.com\\\/wp-content\\\/uploads\\\/sites\\\/107\\\/2025\\\/02\\\/silver.webp\",\"width\":1920,\"height\":1280,\"caption\":\"Silver Hotel - Tower Hotel Bologna\"},{\"@type\":\"BreadcrumbList\",\"@id\":\"https:\\\/\\\/www.towerhotelbologna.com\\\/de\\\/leistungen-hotel-bologna\\\/silver-hotel\\\/#breadcrumb\",\"itemListElement\":[{\"@type\":\"ListItem\",\"position\":1,\"name\":\"Home\",\"item\":\"https:\\\/\\\/www.towerhotelbologna.com\\\/de\\\/home\\\/\"},{\"@type\":\"ListItem\",\"position\":2,\"name\":\"Dienste\",\"item\":\"https:\\\/\\\/www.towerhotelbologna.com\\\/de\\\/leistungen-hotel-bologna\\\/\"},{\"@type\":\"ListItem\",\"position\":3,\"name\":\"Silver Hotel\"}]},{\"@type\":\"WebSite\",\"@id\":\"https:\\\/\\\/www.towerhotelbologna.com\\\/de\\\/#website\",\"url\":\"https:\\\/\\\/www.towerhotelbologna.com\\\/de\\\/\",\"name\":\"98361 Tower Hotel Bologna\",\"description\":\"\",\"publisher\":{\"@id\":\"https:\\\/\\\/www.towerhotelbologna.com\\\/de\\\/#organization\"},\"potentialAction\":[{\"@type\":\"SearchAction\",\"target\":{\"@type\":\"EntryPoint\",\"urlTemplate\":\"https:\\\/\\\/www.towerhotelbologna.com\\\/de\\\/?s={search_term_string}\"},\"query-input\":{\"@type\":\"PropertyValueSpecification\",\"valueRequired\":true,\"valueName\":\"search_term_string\"}}],\"inLanguage\":\"de\"},{\"@type\":\"Organization\",\"@id\":\"https:\\\/\\\/www.towerhotelbologna.com\\\/de\\\/#organization\",\"name\":\"98361 Tower Hotel Bologna\",\"url\":\"https:\\\/\\\/www.towerhotelbologna.com\\\/de\\\/\",\"logo\":{\"@type\":\"ImageObject\",\"inLanguage\":\"de\",\"@id\":\"https:\\\/\\\/www.towerhotelbologna.com\\\/de\\\/#\\\/schema\\\/logo\\\/image\\\/\",\"url\":\"https:\\\/\\\/www.towerhotelbologna.com\\\/wp-content\\\/uploads\\\/sites\\\/107\\\/2024\\\/07\\\/BWPlus.png\",\"contentUrl\":\"https:\\\/\\\/www.towerhotelbologna.com\\\/wp-content\\\/uploads\\\/sites\\\/107\\\/2024\\\/07\\\/BWPlus.png\",\"width\":420,\"height\":191,\"caption\":\"98361 Tower Hotel Bologna\"},\"image\":{\"@id\":\"https:\\\/\\\/www.towerhotelbologna.com\\\/de\\\/#\\\/schema\\\/logo\\\/image\\\/\"}}]}<\/script>\n<!-- \/ Yoast SEO plugin. -->","yoast_head_json":{"title":"Silver-Paket 65 - BW Plus Tower Hotel Bologna","description":"Viele Aufmerksamkeiten f\u00fcr Reisende \u00fcber 65, die die Sch\u00f6nheiten von Bologna mit vollem Komfort besichtigen m\u00f6chten: Entdecken Sie sie alle und buchen Sie im Tower Hotel!","robots":{"index":"index","follow":"follow","max-snippet":"max-snippet:-1","max-image-preview":"max-image-preview:large","max-video-preview":"max-video-preview:-1"},"canonical":"https:\/\/www.towerhotelbologna.com\/de\/leistungen-hotel-bologna\/silver-hotel\/","og_locale":"de_DE","og_type":"article","og_title":"Silver-Paket 65 - BW Plus Tower Hotel Bologna","og_description":"Viele Aufmerksamkeiten f\u00fcr Reisende \u00fcber 65, die die Sch\u00f6nheiten von Bologna mit vollem Komfort besichtigen m\u00f6chten: Entdecken Sie sie alle und buchen Sie im Tower Hotel!","og_url":"https:\/\/www.towerhotelbologna.com\/de\/leistungen-hotel-bologna\/silver-hotel\/","og_site_name":"98361 Tower Hotel Bologna","article_modified_time":"2025-05-26T08:19:40+00:00","og_image":[{"width":1920,"height":1280,"url":"https:\/\/bwh-cdn.neen.dev\/wp-content\/uploads\/sites\/107\/2025\/02\/silver.webp","type":"image\/webp"}],"twitter_card":"summary_large_image","twitter_misc":{"Gesch\u00e4tzte Lesezeit":"2\u00a0Minuten"},"schema":{"@context":"https:\/\/schema.org","@graph":[{"@type":"WebPage","@id":"https:\/\/www.towerhotelbologna.com\/de\/leistungen-hotel-bologna\/silver-hotel\/","url":"https:\/\/www.towerhotelbologna.com\/de\/leistungen-hotel-bologna\/silver-hotel\/","name":"Silver-Paket 65 - BW Plus Tower Hotel Bologna","isPartOf":{"@id":"https:\/\/www.towerhotelbologna.com\/de\/#website"},"primaryImageOfPage":{"@id":"https:\/\/www.towerhotelbologna.com\/de\/leistungen-hotel-bologna\/silver-hotel\/#primaryimage"},"image":{"@id":"https:\/\/www.towerhotelbologna.com\/de\/leistungen-hotel-bologna\/silver-hotel\/#primaryimage"},"thumbnailUrl":"https:\/\/www.towerhotelbologna.com\/wp-content\/uploads\/sites\/107\/2025\/02\/silver.webp","datePublished":"2025-02-03T14:12:26+00:00","dateModified":"2025-05-26T08:19:40+00:00","description":"Viele Aufmerksamkeiten f\u00fcr Reisende \u00fcber 65, die die Sch\u00f6nheiten von Bologna mit vollem Komfort besichtigen m\u00f6chten: Entdecken Sie sie alle und buchen Sie im Tower Hotel!","breadcrumb":{"@id":"https:\/\/www.towerhotelbologna.com\/de\/leistungen-hotel-bologna\/silver-hotel\/#breadcrumb"},"inLanguage":"de","potentialAction":[{"@type":"ReadAction","target":["https:\/\/www.towerhotelbologna.com\/de\/leistungen-hotel-bologna\/silver-hotel\/"]}]},{"@type":"ImageObject","inLanguage":"de","@id":"https:\/\/www.towerhotelbologna.com\/de\/leistungen-hotel-bologna\/silver-hotel\/#primaryimage","url":"https:\/\/www.towerhotelbologna.com\/wp-content\/uploads\/sites\/107\/2025\/02\/silver.webp","contentUrl":"https:\/\/www.towerhotelbologna.com\/wp-content\/uploads\/sites\/107\/2025\/02\/silver.webp","width":1920,"height":1280,"caption":"Silver Hotel - Tower Hotel Bologna"},{"@type":"BreadcrumbList","@id":"https:\/\/www.towerhotelbologna.com\/de\/leistungen-hotel-bologna\/silver-hotel\/#breadcrumb","itemListElement":[{"@type":"ListItem","position":1,"name":"Home","item":"https:\/\/www.towerhotelbologna.com\/de\/home\/"},{"@type":"ListItem","position":2,"name":"Dienste","item":"https:\/\/www.towerhotelbologna.com\/de\/leistungen-hotel-bologna\/"},{"@type":"ListItem","position":3,"name":"Silver Hotel"}]},{"@type":"WebSite","@id":"https:\/\/www.towerhotelbologna.com\/de\/#website","url":"https:\/\/www.towerhotelbologna.com\/de\/","name":"98361 Tower Hotel Bologna","description":"","publisher":{"@id":"https:\/\/www.towerhotelbologna.com\/de\/#organization"},"potentialAction":[{"@type":"SearchAction","target":{"@type":"EntryPoint","urlTemplate":"https:\/\/www.towerhotelbologna.com\/de\/?s={search_term_string}"},"query-input":{"@type":"PropertyValueSpecification","valueRequired":true,"valueName":"search_term_string"}}],"inLanguage":"de"},{"@type":"Organization","@id":"https:\/\/www.towerhotelbologna.com\/de\/#organization","name":"98361 Tower Hotel Bologna","url":"https:\/\/www.towerhotelbologna.com\/de\/","logo":{"@type":"ImageObject","inLanguage":"de","@id":"https:\/\/www.towerhotelbologna.com\/de\/#\/schema\/logo\/image\/","url":"https:\/\/www.towerhotelbologna.com\/wp-content\/uploads\/sites\/107\/2024\/07\/BWPlus.png","contentUrl":"https:\/\/www.towerhotelbologna.com\/wp-content\/uploads\/sites\/107\/2024\/07\/BWPlus.png","width":420,"height":191,"caption":"98361 Tower Hotel Bologna"},"image":{"@id":"https:\/\/www.towerhotelbologna.com\/de\/#\/schema\/logo\/image\/"}}]}},"_links":{"self":[{"href":"https:\/\/www.towerhotelbologna.com\/de\/wp-json\/wp\/v2\/pages\/3397","targetHints":{"allow":["GET"]}}],"collection":[{"href":"https:\/\/www.towerhotelbologna.com\/de\/wp-json\/wp\/v2\/pages"}],"about":[{"href":"https:\/\/www.towerhotelbologna.com\/de\/wp-json\/wp\/v2\/types\/page"}],"author":[{"embeddable":true,"href":"https:\/\/www.towerhotelbologna.com\/de\/wp-json\/wp\/v2\/users\/6"}],"replies":[{"embeddable":true,"href":"https:\/\/www.towerhotelbologna.com\/de\/wp-json\/wp\/v2\/comments?post=3397"}],"version-history":[{"count":3,"href":"https:\/\/www.towerhotelbologna.com\/de\/wp-json\/wp\/v2\/pages\/3397\/revisions"}],"predecessor-version":[{"id":4233,"href":"https:\/\/www.towerhotelbologna.com\/de\/wp-json\/wp\/v2\/pages\/3397\/revisions\/4233"}],"up":[{"embeddable":true,"href":"https:\/\/www.towerhotelbologna.com\/de\/wp-json\/wp\/v2\/pages\/3382"}],"wp:featuredmedia":[{"embeddable":true,"href":"https:\/\/www.towerhotelbologna.com\/de\/wp-json\/wp\/v2\/media\/2944"}],"wp:attachment":[{"href":"https:\/\/www.towerhotelbologna.com\/de\/wp-json\/wp\/v2\/media?parent=3397"}],"curies":[{"name":"wp","href":"https:\/\/api.w.org\/{rel}","templated":true}]}}