{"id":3395,"date":"2025-02-03T14:39:05","date_gmt":"2025-02-03T13:39:05","guid":{"rendered":"https:\/\/98361-towerhotelbologna.tempwebsite.it\/leistungen\/sport-hotel\/"},"modified":"2025-05-15T15:40:26","modified_gmt":"2025-05-15T13:40:26","slug":"sport-hotel","status":"publish","type":"page","link":"https:\/\/www.towerhotelbologna.com\/de\/leistungen-hotel-bologna\/sport-hotel\/","title":{"rendered":"Sport Hotel"},"content":{"rendered":"\t\t<div data-elementor-type=\"wp-page\" data-elementor-id=\"3395\" class=\"elementor elementor-3395 elementor-1581\" data-elementor-post-type=\"page\">\n\t\t\t\t<div class=\"elementor-element elementor-element-039c4d8 e-flex e-con-boxed e-con e-parent\" data-id=\"039c4d8\" data-element_type=\"container\" data-e-type=\"container\" data-settings=\"{&quot;background_background&quot;:&quot;classic&quot;,&quot;shape_divider_bottom&quot;:&quot;curve&quot;}\">\n\t\t\t\t\t<div class=\"e-con-inner\">\n\t\t\t\t<div class=\"elementor-shape elementor-shape-bottom\" aria-hidden=\"true\" data-negative=\"false\">\n\t\t\t<svg xmlns=\"http:\/\/www.w3.org\/2000\/svg\" viewBox=\"0 0 1000 100\" preserveAspectRatio=\"none\">\n    <path class=\"elementor-shape-fill\" d=\"M1000,4.3V0H0v4.3C0.9,23.1,126.7,99.2,500,100S1000,22.7,1000,4.3z\"\/>\n<\/svg>\t\t<\/div>\n\t\t\t\t\t<\/div>\n\t\t\t\t<\/div>\n\t\t<div class=\"elementor-element elementor-element-eae2b7d e-flex e-con-boxed e-con e-parent\" data-id=\"eae2b7d\" data-element_type=\"container\" data-e-type=\"container\">\n\t\t\t\t\t<div class=\"e-con-inner\">\n\t\t\t\t<div class=\"elementor-element elementor-element-26454c1 elementor-widget elementor-widget-heading\" data-id=\"26454c1\" data-element_type=\"widget\" data-e-type=\"widget\" data-widget_type=\"heading.default\">\n\t\t\t\t<div class=\"elementor-widget-container\">\n\t\t\t\t\t<h1 class=\"elementor-heading-title elementor-size-default\">Sport Hotel<\/h1>\t\t\t\t<\/div>\n\t\t\t\t<\/div>\n\t\t\t\t<div class=\"elementor-element elementor-element-c8e5160 elementor-widget elementor-widget-heading\" data-id=\"c8e5160\" data-element_type=\"widget\" data-e-type=\"widget\" data-widget_type=\"heading.default\">\n\t\t\t\t<div class=\"elementor-widget-container\">\n\t\t\t\t\t<h2 class=\"elementor-heading-title elementor-size-default\">Sie lieben Sport und Running? Entdecken Sie unsere Dienstleistungen f\u00fcr Sportbegeisterte! <\/h2>\t\t\t\t<\/div>\n\t\t\t\t<\/div>\n\t\t\t\t<div class=\"elementor-element elementor-element-88f226c elementor-widget-divider--view-line elementor-widget elementor-widget-divider\" data-id=\"88f226c\" data-element_type=\"widget\" data-e-type=\"widget\" data-widget_type=\"divider.default\">\n\t\t\t\t<div class=\"elementor-widget-container\">\n\t\t\t\t\t\t\t<div class=\"elementor-divider\">\n\t\t\t<span class=\"elementor-divider-separator\">\n\t\t\t\t\t\t<\/span>\n\t\t<\/div>\n\t\t\t\t\t\t<\/div>\n\t\t\t\t<\/div>\n\t\t\t\t<div class=\"elementor-element elementor-element-4537786 elementor-widget elementor-widget-text-editor\" data-id=\"4537786\" data-element_type=\"widget\" data-e-type=\"widget\" data-widget_type=\"text-editor.default\">\n\t\t\t\t<div class=\"elementor-widget-container\">\n\t\t\t\t\t\t\t\t\t<p>Im <strong>Best Western Plus Tower Hotel Bologna<\/strong>, einem 4-Sterne-Hotel in Bologna, erwarten Sie viele Aufmerksamkeiten, um Ihrem Aufenthalt noch mehr Dynamik zu verleihen, mit einem Angebot,<strong> das zus\u00e4tzliche Dienstleistungen f\u00fcr Sportbegeisterte bereith\u00e4lt<\/strong>.<\/p>\n<p>Dar\u00fcber hinaus k\u00f6nnen Sie dank unseres <strong>speziellen Sport-Pakets<\/strong> zus\u00e4tzliche Leistungen buchen, um Ihre Reise noch dynamischer zu gestalten!<\/p>\n\t\t\t\t\t\t\t\t<\/div>\n\t\t\t\t<\/div>\n\t\t\t\t\t<\/div>\n\t\t\t\t<\/div>\n\t\t<div class=\"elementor-element elementor-element-b0c64bc e-flex e-con-boxed e-con e-parent\" data-id=\"b0c64bc\" data-element_type=\"container\" data-e-type=\"container\" data-settings=\"{&quot;animation_mobile&quot;:&quot;none&quot;}\">\n\t\t\t\t\t<div class=\"e-con-inner\">\n\t\t<div class=\"elementor-element elementor-element-5d3824f e-con-full e-flex elementor-invisible e-con e-child\" data-id=\"5d3824f\" data-element_type=\"container\" data-e-type=\"container\" data-settings=\"{&quot;motion_fx_motion_fx_scrolling&quot;:&quot;yes&quot;,&quot;animation&quot;:&quot;fadeInLeft&quot;,&quot;animation_mobile&quot;:&quot;fadeIn&quot;,&quot;background_background&quot;:&quot;classic&quot;,&quot;motion_fx_devices&quot;:[&quot;desktop&quot;,&quot;tablet&quot;,&quot;mobile&quot;]}\">\n\t\t<div class=\"elementor-element elementor-element-94b3aaf e-con-full e-flex e-con e-child\" data-id=\"94b3aaf\" data-element_type=\"container\" data-e-type=\"container\" data-settings=\"{&quot;animation_mobile&quot;:&quot;none&quot;}\">\n\t\t\t\t<div class=\"elementor-element elementor-element-a7aea8d elementor-widget elementor-widget-heading\" data-id=\"a7aea8d\" data-element_type=\"widget\" data-e-type=\"widget\" data-settings=\"{&quot;_animation_mobile&quot;:&quot;none&quot;}\" data-widget_type=\"heading.default\">\n\t\t\t\t<div class=\"elementor-widget-container\">\n\t\t\t\t\t<h3 class=\"elementor-heading-title elementor-size-default\">Dieses kostenlosen Dienstleistungen finden Sie im Hotel<\/h3>\t\t\t\t<\/div>\n\t\t\t\t<\/div>\n\t\t\t\t<div class=\"elementor-element elementor-element-c6ba9de elementor-widget elementor-widget-text-editor\" data-id=\"c6ba9de\" data-element_type=\"widget\" data-e-type=\"widget\" data-settings=\"{&quot;_animation_mobile&quot;:&quot;none&quot;}\" data-widget_type=\"text-editor.default\">\n\t\t\t\t<div class=\"elementor-widget-container\">\n\t\t\t\t\t\t\t\t\t<ul>\n<li><strong>Early Breakfast <\/strong>mit energiereichen und nat\u00fcrlichen Produkten ab 5:00 Uhr morgen<\/li>\n<li><strong>Freier Zugang zum Panorama-Fitnessraum<\/strong> des Hotels<\/li>\n<li><strong>Karten und Laufstrecken<\/strong> in der Umgebung<\/li>\n<\/ul>\n\t\t\t\t\t\t\t\t<\/div>\n\t\t\t\t<\/div>\n\t\t\t\t<div class=\"elementor-element elementor-element-012193f elementor-widget elementor-widget-heading\" data-id=\"012193f\" data-element_type=\"widget\" data-e-type=\"widget\" data-widget_type=\"heading.default\">\n\t\t\t\t<div class=\"elementor-widget-container\">\n\t\t\t\t\t<h3 class=\"elementor-heading-title elementor-size-default\">Auch bei Marathons und Sportveranstaltungen in der Stadt:<\/h3>\t\t\t\t<\/div>\n\t\t\t\t<\/div>\n\t\t\t\t<div class=\"elementor-element elementor-element-578f102 elementor-widget elementor-widget-text-editor\" data-id=\"578f102\" data-element_type=\"widget\" data-e-type=\"widget\" data-settings=\"{&quot;_animation_mobile&quot;:&quot;none&quot;}\" data-widget_type=\"text-editor.default\">\n\t\t\t\t<div class=\"elementor-widget-container\">\n\t\t\t\t\t\t\t\t\t<ul>\n<li><strong>Sportler-Corner<\/strong> mit kostenlosem Obst, frischem Wasser und Handt\u00fcchern<\/li>\n<li><strong>Toiletten und Duschen<\/strong> zur Erfrischung nach der Sportveranstaltung stehen kostenlos zur Verf\u00fcgung<\/li>\n<\/ul>\n\t\t\t\t\t\t\t\t<\/div>\n\t\t\t\t<\/div>\n\t\t\t\t<\/div>\n\t\t\t\t<\/div>\n\t\t<div class=\"elementor-element elementor-element-3daee27 e-con-full e-flex elementor-invisible e-con e-child\" data-id=\"3daee27\" data-element_type=\"container\" data-e-type=\"container\" data-settings=\"{&quot;background_background&quot;:&quot;classic&quot;,&quot;animation&quot;:&quot;fadeInRight&quot;,&quot;animation_mobile&quot;:&quot;none&quot;}\">\n\t\t\t\t<div class=\"elementor-element elementor-element-9ca773f elementor-widget elementor-widget-heading\" data-id=\"9ca773f\" data-element_type=\"widget\" data-e-type=\"widget\" data-widget_type=\"heading.default\">\n\t\t\t\t<div class=\"elementor-widget-container\">\n\t\t\t\t\t<h3 class=\"elementor-heading-title elementor-size-default\">Sport-Paket<\/h3>\t\t\t\t<\/div>\n\t\t\t\t<\/div>\n\t\t\t\t<div class=\"elementor-element elementor-element-2cca5c2 elementor-widget-tablet__width-initial elementor-widget-mobile__width-inherit elementor-widget elementor-widget-text-editor\" data-id=\"2cca5c2\" data-element_type=\"widget\" data-e-type=\"widget\" data-widget_type=\"text-editor.default\">\n\t\t\t\t<div class=\"elementor-widget-container\">\n\t\t\t\t\t\t\t\t\t<p>Au\u00dferdem k\u00f6nnen Sie Ihren Aufenthalt individuell gestalten, indem Sie Ihrer Buchung das <strong>Sport-Paket zum Preis von 7 \u20ac pro Person und Nacht<\/strong> hinzuf\u00fcgen:<\/p>\n<ul>\n<li>Late Check-out bis 16:00 Uhr je nach Verf\u00fcgbarkeit<\/li>\n<li>Lunchpaket mit einem Sandwich, einem St\u00fcck Obst, einer Flasche Wasser und einer Packung zuckerfreier Kekse.<br><br><\/li>\n<\/ul>\n<p><strong>F\u00fcgen Sie das Sport-Paket Ihrer Buchung hinzu<\/strong>, nachdem Sie Ihr Zimmer ausgew\u00e4hlt haben, oder fordern Sie es direkt beim Hotel an.<\/p>\t\t\t\t\t\t\t\t<\/div>\n\t\t\t\t<\/div>\n\t\t\t\t<\/div>\n\t\t\t\t\t<\/div>\n\t\t\t\t<\/div>\n\t\t<div class=\"elementor-element elementor-element-d3a3612 e-flex e-con-boxed e-con e-parent\" data-id=\"d3a3612\" data-element_type=\"container\" data-e-type=\"container\">\n\t\t\t\t\t<div class=\"e-con-inner\">\n\t\t\t\t<div class=\"elementor-element elementor-element-c50271a elementor-widget-mobile__width-inherit elementor-mobile-align-center elementor-align-center elementor-invisible elementor-widget elementor-widget-button\" data-id=\"c50271a\" data-element_type=\"widget\" data-e-type=\"widget\" data-settings=\"{&quot;_animation&quot;:&quot;fadeIn&quot;,&quot;_animation_mobile&quot;:&quot;none&quot;}\" data-widget_type=\"button.default\">\n\t\t\t\t<div class=\"elementor-widget-container\">\n\t\t\t\t\t\t\t\t\t<div class=\"elementor-button-wrapper\">\n\t\t\t\t\t<a class=\"elementor-button elementor-button-link elementor-size-sm\" href=\"https:\/\/www.towerhotelbologna.com\/de\/leistungen-hotel-bologna\/\">\n\t\t\t\t\t\t<span class=\"elementor-button-content-wrapper\">\n\t\t\t\t\t\t\t\t\t<span class=\"elementor-button-text\">Zur\u00fcck zu den Leistungen &gt;<\/span>\n\t\t\t\t\t<\/span>\n\t\t\t\t\t<\/a>\n\t\t\t\t<\/div>\n\t\t\t\t\t\t\t\t<\/div>\n\t\t\t\t<\/div>\n\t\t\t\t\t<\/div>\n\t\t\t\t<\/div>\n\t\t\t\t<\/div>\n\t\t","protected":false},"excerpt":{"rendered":"<p>Sport Hotel Sie lieben Sport und Running? Entdecken Sie unsere Dienstleistungen f\u00fcr Sportbegeisterte! Im Best Western Plus Tower Hotel Bologna, einem 4-Sterne-Hotel in Bologna, erwarten Sie viele Aufmerksamkeiten, um Ihrem Aufenthalt noch mehr Dynamik zu verleihen, mit einem Angebot, das zus\u00e4tzliche Dienstleistungen f\u00fcr Sportbegeisterte bereith\u00e4lt. Dar\u00fcber hinaus k\u00f6nnen Sie dank unseres speziellen Sport-Pakets zus\u00e4tzliche Leistungen [&hellip;]<\/p>\n","protected":false},"author":6,"featured_media":2942,"parent":3382,"menu_order":0,"comment_status":"closed","ping_status":"closed","template":"","meta":{"footnotes":""},"class_list":["post-3395","page","type-page","status-publish","has-post-thumbnail","hentry"],"yoast_head":"<!-- This site is optimized with the Yoast SEO plugin v27.3 - https:\/\/yoast.com\/product\/yoast-seo-wordpress\/ -->\n<title>Sport Hotel Bologna - Sportdienstleistungen - BW Plus Tower Hotel Bologna<\/title>\n<meta name=\"description\" content=\"Du liebst Laufen und Sport? Entdecken Sie die besonderen Serviceangebote des Hotels: Fr\u00fches Fr\u00fchst\u00fcck mit Energieprodukten, kostenloser Zugang zum Fitnessstudio und mehr!\" \/>\n<meta name=\"robots\" content=\"index, follow, max-snippet:-1, max-image-preview:large, max-video-preview:-1\" \/>\n<link rel=\"canonical\" href=\"https:\/\/www.towerhotelbologna.com\/de\/leistungen-hotel-bologna\/sport-hotel\/\" \/>\n<meta property=\"og:locale\" content=\"de_DE\" \/>\n<meta property=\"og:type\" content=\"article\" \/>\n<meta property=\"og:title\" content=\"Sport Hotel Bologna - Sportdienstleistungen - BW Plus Tower Hotel Bologna\" \/>\n<meta property=\"og:description\" content=\"Du liebst Laufen und Sport? Entdecken Sie die besonderen Serviceangebote des Hotels: Fr\u00fches Fr\u00fchst\u00fcck mit Energieprodukten, kostenloser Zugang zum Fitnessstudio und mehr!\" \/>\n<meta property=\"og:url\" content=\"https:\/\/www.towerhotelbologna.com\/de\/leistungen-hotel-bologna\/sport-hotel\/\" \/>\n<meta property=\"og:site_name\" content=\"98361 Tower Hotel Bologna\" \/>\n<meta property=\"article:modified_time\" content=\"2025-05-15T13:40:26+00:00\" \/>\n<meta property=\"og:image\" content=\"https:\/\/bwh-cdn.neen.dev\/wp-content\/uploads\/sites\/107\/2025\/02\/sport-hotel.webp\" \/>\n\t<meta property=\"og:image:width\" content=\"1920\" \/>\n\t<meta property=\"og:image:height\" content=\"1280\" \/>\n\t<meta property=\"og:image:type\" content=\"image\/webp\" \/>\n<meta name=\"twitter:card\" content=\"summary_large_image\" \/>\n<meta name=\"twitter:label1\" content=\"Gesch\u00e4tzte Lesezeit\" \/>\n\t<meta name=\"twitter:data1\" content=\"2\u00a0Minuten\" \/>\n<script type=\"application\/ld+json\" class=\"yoast-schema-graph\">{\"@context\":\"https:\\\/\\\/schema.org\",\"@graph\":[{\"@type\":\"WebPage\",\"@id\":\"https:\\\/\\\/www.towerhotelbologna.com\\\/de\\\/leistungen-hotel-bologna\\\/sport-hotel\\\/\",\"url\":\"https:\\\/\\\/www.towerhotelbologna.com\\\/de\\\/leistungen-hotel-bologna\\\/sport-hotel\\\/\",\"name\":\"Sport Hotel Bologna - Sportdienstleistungen - BW Plus Tower Hotel Bologna\",\"isPartOf\":{\"@id\":\"https:\\\/\\\/www.towerhotelbologna.com\\\/de\\\/#website\"},\"primaryImageOfPage\":{\"@id\":\"https:\\\/\\\/www.towerhotelbologna.com\\\/de\\\/leistungen-hotel-bologna\\\/sport-hotel\\\/#primaryimage\"},\"image\":{\"@id\":\"https:\\\/\\\/www.towerhotelbologna.com\\\/de\\\/leistungen-hotel-bologna\\\/sport-hotel\\\/#primaryimage\"},\"thumbnailUrl\":\"https:\\\/\\\/www.towerhotelbologna.com\\\/wp-content\\\/uploads\\\/sites\\\/107\\\/2025\\\/02\\\/sport-hotel.webp\",\"datePublished\":\"2025-02-03T13:39:05+00:00\",\"dateModified\":\"2025-05-15T13:40:26+00:00\",\"description\":\"Du liebst Laufen und Sport? Entdecken Sie die besonderen Serviceangebote des Hotels: Fr\u00fches Fr\u00fchst\u00fcck mit Energieprodukten, kostenloser Zugang zum Fitnessstudio und mehr!\",\"breadcrumb\":{\"@id\":\"https:\\\/\\\/www.towerhotelbologna.com\\\/de\\\/leistungen-hotel-bologna\\\/sport-hotel\\\/#breadcrumb\"},\"inLanguage\":\"de\",\"potentialAction\":[{\"@type\":\"ReadAction\",\"target\":[\"https:\\\/\\\/www.towerhotelbologna.com\\\/de\\\/leistungen-hotel-bologna\\\/sport-hotel\\\/\"]}]},{\"@type\":\"ImageObject\",\"inLanguage\":\"de\",\"@id\":\"https:\\\/\\\/www.towerhotelbologna.com\\\/de\\\/leistungen-hotel-bologna\\\/sport-hotel\\\/#primaryimage\",\"url\":\"https:\\\/\\\/www.towerhotelbologna.com\\\/wp-content\\\/uploads\\\/sites\\\/107\\\/2025\\\/02\\\/sport-hotel.webp\",\"contentUrl\":\"https:\\\/\\\/www.towerhotelbologna.com\\\/wp-content\\\/uploads\\\/sites\\\/107\\\/2025\\\/02\\\/sport-hotel.webp\",\"width\":1920,\"height\":1280,\"caption\":\"Sport Hotel - Tower Hotel Bologna\"},{\"@type\":\"BreadcrumbList\",\"@id\":\"https:\\\/\\\/www.towerhotelbologna.com\\\/de\\\/leistungen-hotel-bologna\\\/sport-hotel\\\/#breadcrumb\",\"itemListElement\":[{\"@type\":\"ListItem\",\"position\":1,\"name\":\"Home\",\"item\":\"https:\\\/\\\/www.towerhotelbologna.com\\\/de\\\/home\\\/\"},{\"@type\":\"ListItem\",\"position\":2,\"name\":\"Dienste\",\"item\":\"https:\\\/\\\/www.towerhotelbologna.com\\\/de\\\/leistungen-hotel-bologna\\\/\"},{\"@type\":\"ListItem\",\"position\":3,\"name\":\"Sport Hotel\"}]},{\"@type\":\"WebSite\",\"@id\":\"https:\\\/\\\/www.towerhotelbologna.com\\\/de\\\/#website\",\"url\":\"https:\\\/\\\/www.towerhotelbologna.com\\\/de\\\/\",\"name\":\"98361 Tower Hotel Bologna\",\"description\":\"\",\"publisher\":{\"@id\":\"https:\\\/\\\/www.towerhotelbologna.com\\\/de\\\/#organization\"},\"potentialAction\":[{\"@type\":\"SearchAction\",\"target\":{\"@type\":\"EntryPoint\",\"urlTemplate\":\"https:\\\/\\\/www.towerhotelbologna.com\\\/de\\\/?s={search_term_string}\"},\"query-input\":{\"@type\":\"PropertyValueSpecification\",\"valueRequired\":true,\"valueName\":\"search_term_string\"}}],\"inLanguage\":\"de\"},{\"@type\":\"Organization\",\"@id\":\"https:\\\/\\\/www.towerhotelbologna.com\\\/de\\\/#organization\",\"name\":\"98361 Tower Hotel Bologna\",\"url\":\"https:\\\/\\\/www.towerhotelbologna.com\\\/de\\\/\",\"logo\":{\"@type\":\"ImageObject\",\"inLanguage\":\"de\",\"@id\":\"https:\\\/\\\/www.towerhotelbologna.com\\\/de\\\/#\\\/schema\\\/logo\\\/image\\\/\",\"url\":\"https:\\\/\\\/www.towerhotelbologna.com\\\/wp-content\\\/uploads\\\/sites\\\/107\\\/2024\\\/07\\\/BWPlus.png\",\"contentUrl\":\"https:\\\/\\\/www.towerhotelbologna.com\\\/wp-content\\\/uploads\\\/sites\\\/107\\\/2024\\\/07\\\/BWPlus.png\",\"width\":420,\"height\":191,\"caption\":\"98361 Tower Hotel Bologna\"},\"image\":{\"@id\":\"https:\\\/\\\/www.towerhotelbologna.com\\\/de\\\/#\\\/schema\\\/logo\\\/image\\\/\"}}]}<\/script>\n<!-- \/ Yoast SEO plugin. -->","yoast_head_json":{"title":"Sport Hotel Bologna - Sportdienstleistungen - BW Plus Tower Hotel Bologna","description":"Du liebst Laufen und Sport? Entdecken Sie die besonderen Serviceangebote des Hotels: Fr\u00fches Fr\u00fchst\u00fcck mit Energieprodukten, kostenloser Zugang zum Fitnessstudio und mehr!","robots":{"index":"index","follow":"follow","max-snippet":"max-snippet:-1","max-image-preview":"max-image-preview:large","max-video-preview":"max-video-preview:-1"},"canonical":"https:\/\/www.towerhotelbologna.com\/de\/leistungen-hotel-bologna\/sport-hotel\/","og_locale":"de_DE","og_type":"article","og_title":"Sport Hotel Bologna - Sportdienstleistungen - BW Plus Tower Hotel Bologna","og_description":"Du liebst Laufen und Sport? Entdecken Sie die besonderen Serviceangebote des Hotels: Fr\u00fches Fr\u00fchst\u00fcck mit Energieprodukten, kostenloser Zugang zum Fitnessstudio und mehr!","og_url":"https:\/\/www.towerhotelbologna.com\/de\/leistungen-hotel-bologna\/sport-hotel\/","og_site_name":"98361 Tower Hotel Bologna","article_modified_time":"2025-05-15T13:40:26+00:00","og_image":[{"width":1920,"height":1280,"url":"https:\/\/bwh-cdn.neen.dev\/wp-content\/uploads\/sites\/107\/2025\/02\/sport-hotel.webp","type":"image\/webp"}],"twitter_card":"summary_large_image","twitter_misc":{"Gesch\u00e4tzte Lesezeit":"2\u00a0Minuten"},"schema":{"@context":"https:\/\/schema.org","@graph":[{"@type":"WebPage","@id":"https:\/\/www.towerhotelbologna.com\/de\/leistungen-hotel-bologna\/sport-hotel\/","url":"https:\/\/www.towerhotelbologna.com\/de\/leistungen-hotel-bologna\/sport-hotel\/","name":"Sport Hotel Bologna - Sportdienstleistungen - BW Plus Tower Hotel Bologna","isPartOf":{"@id":"https:\/\/www.towerhotelbologna.com\/de\/#website"},"primaryImageOfPage":{"@id":"https:\/\/www.towerhotelbologna.com\/de\/leistungen-hotel-bologna\/sport-hotel\/#primaryimage"},"image":{"@id":"https:\/\/www.towerhotelbologna.com\/de\/leistungen-hotel-bologna\/sport-hotel\/#primaryimage"},"thumbnailUrl":"https:\/\/www.towerhotelbologna.com\/wp-content\/uploads\/sites\/107\/2025\/02\/sport-hotel.webp","datePublished":"2025-02-03T13:39:05+00:00","dateModified":"2025-05-15T13:40:26+00:00","description":"Du liebst Laufen und Sport? Entdecken Sie die besonderen Serviceangebote des Hotels: Fr\u00fches Fr\u00fchst\u00fcck mit Energieprodukten, kostenloser Zugang zum Fitnessstudio und mehr!","breadcrumb":{"@id":"https:\/\/www.towerhotelbologna.com\/de\/leistungen-hotel-bologna\/sport-hotel\/#breadcrumb"},"inLanguage":"de","potentialAction":[{"@type":"ReadAction","target":["https:\/\/www.towerhotelbologna.com\/de\/leistungen-hotel-bologna\/sport-hotel\/"]}]},{"@type":"ImageObject","inLanguage":"de","@id":"https:\/\/www.towerhotelbologna.com\/de\/leistungen-hotel-bologna\/sport-hotel\/#primaryimage","url":"https:\/\/www.towerhotelbologna.com\/wp-content\/uploads\/sites\/107\/2025\/02\/sport-hotel.webp","contentUrl":"https:\/\/www.towerhotelbologna.com\/wp-content\/uploads\/sites\/107\/2025\/02\/sport-hotel.webp","width":1920,"height":1280,"caption":"Sport Hotel - Tower Hotel Bologna"},{"@type":"BreadcrumbList","@id":"https:\/\/www.towerhotelbologna.com\/de\/leistungen-hotel-bologna\/sport-hotel\/#breadcrumb","itemListElement":[{"@type":"ListItem","position":1,"name":"Home","item":"https:\/\/www.towerhotelbologna.com\/de\/home\/"},{"@type":"ListItem","position":2,"name":"Dienste","item":"https:\/\/www.towerhotelbologna.com\/de\/leistungen-hotel-bologna\/"},{"@type":"ListItem","position":3,"name":"Sport Hotel"}]},{"@type":"WebSite","@id":"https:\/\/www.towerhotelbologna.com\/de\/#website","url":"https:\/\/www.towerhotelbologna.com\/de\/","name":"98361 Tower Hotel Bologna","description":"","publisher":{"@id":"https:\/\/www.towerhotelbologna.com\/de\/#organization"},"potentialAction":[{"@type":"SearchAction","target":{"@type":"EntryPoint","urlTemplate":"https:\/\/www.towerhotelbologna.com\/de\/?s={search_term_string}"},"query-input":{"@type":"PropertyValueSpecification","valueRequired":true,"valueName":"search_term_string"}}],"inLanguage":"de"},{"@type":"Organization","@id":"https:\/\/www.towerhotelbologna.com\/de\/#organization","name":"98361 Tower Hotel Bologna","url":"https:\/\/www.towerhotelbologna.com\/de\/","logo":{"@type":"ImageObject","inLanguage":"de","@id":"https:\/\/www.towerhotelbologna.com\/de\/#\/schema\/logo\/image\/","url":"https:\/\/www.towerhotelbologna.com\/wp-content\/uploads\/sites\/107\/2024\/07\/BWPlus.png","contentUrl":"https:\/\/www.towerhotelbologna.com\/wp-content\/uploads\/sites\/107\/2024\/07\/BWPlus.png","width":420,"height":191,"caption":"98361 Tower Hotel Bologna"},"image":{"@id":"https:\/\/www.towerhotelbologna.com\/de\/#\/schema\/logo\/image\/"}}]}},"_links":{"self":[{"href":"https:\/\/www.towerhotelbologna.com\/de\/wp-json\/wp\/v2\/pages\/3395","targetHints":{"allow":["GET"]}}],"collection":[{"href":"https:\/\/www.towerhotelbologna.com\/de\/wp-json\/wp\/v2\/pages"}],"about":[{"href":"https:\/\/www.towerhotelbologna.com\/de\/wp-json\/wp\/v2\/types\/page"}],"author":[{"embeddable":true,"href":"https:\/\/www.towerhotelbologna.com\/de\/wp-json\/wp\/v2\/users\/6"}],"replies":[{"embeddable":true,"href":"https:\/\/www.towerhotelbologna.com\/de\/wp-json\/wp\/v2\/comments?post=3395"}],"version-history":[{"count":3,"href":"https:\/\/www.towerhotelbologna.com\/de\/wp-json\/wp\/v2\/pages\/3395\/revisions"}],"predecessor-version":[{"id":4206,"href":"https:\/\/www.towerhotelbologna.com\/de\/wp-json\/wp\/v2\/pages\/3395\/revisions\/4206"}],"up":[{"embeddable":true,"href":"https:\/\/www.towerhotelbologna.com\/de\/wp-json\/wp\/v2\/pages\/3382"}],"wp:featuredmedia":[{"embeddable":true,"href":"https:\/\/www.towerhotelbologna.com\/de\/wp-json\/wp\/v2\/media\/2942"}],"wp:attachment":[{"href":"https:\/\/www.towerhotelbologna.com\/de\/wp-json\/wp\/v2\/media?parent=3395"}],"curies":[{"name":"wp","href":"https:\/\/api.w.org\/{rel}","templated":true}]}}