{"id":3393,"date":"2025-02-03T13:46:48","date_gmt":"2025-02-03T12:46:48","guid":{"rendered":"https:\/\/98361-towerhotelbologna.tempwebsite.it\/leistungen\/wellness-hotel\/"},"modified":"2025-06-06T10:17:51","modified_gmt":"2025-06-06T08:17:51","slug":"wellness-hotel","status":"publish","type":"page","link":"https:\/\/www.towerhotelbologna.com\/de\/leistungen-hotel-bologna\/wellness-hotel\/","title":{"rendered":"Wellness Hotel"},"content":{"rendered":"\t\t<div data-elementor-type=\"wp-page\" data-elementor-id=\"3393\" class=\"elementor elementor-3393 elementor-1527\" data-elementor-post-type=\"page\">\n\t\t\t\t<div class=\"elementor-element elementor-element-039c4d8 e-flex e-con-boxed e-con e-parent\" data-id=\"039c4d8\" data-element_type=\"container\" data-e-type=\"container\" data-settings=\"{&quot;background_background&quot;:&quot;classic&quot;,&quot;shape_divider_bottom&quot;:&quot;curve&quot;}\">\n\t\t\t\t\t<div class=\"e-con-inner\">\n\t\t\t\t<div class=\"elementor-shape elementor-shape-bottom\" aria-hidden=\"true\" data-negative=\"false\">\n\t\t\t<svg xmlns=\"http:\/\/www.w3.org\/2000\/svg\" viewBox=\"0 0 1000 100\" preserveAspectRatio=\"none\">\n    <path class=\"elementor-shape-fill\" d=\"M1000,4.3V0H0v4.3C0.9,23.1,126.7,99.2,500,100S1000,22.7,1000,4.3z\"\/>\n<\/svg>\t\t<\/div>\n\t\t\t\t\t<\/div>\n\t\t\t\t<\/div>\n\t\t<div class=\"elementor-element elementor-element-eae2b7d e-flex e-con-boxed e-con e-parent\" data-id=\"eae2b7d\" data-element_type=\"container\" data-e-type=\"container\">\n\t\t\t\t\t<div class=\"e-con-inner\">\n\t\t\t\t<div class=\"elementor-element elementor-element-26454c1 elementor-widget elementor-widget-heading\" data-id=\"26454c1\" data-element_type=\"widget\" data-e-type=\"widget\" data-widget_type=\"heading.default\">\n\t\t\t\t<div class=\"elementor-widget-container\">\n\t\t\t\t\t<h1 class=\"elementor-heading-title elementor-size-default\">Wellness Hotel<\/h1>\t\t\t\t<\/div>\n\t\t\t\t<\/div>\n\t\t\t\t<div class=\"elementor-element elementor-element-c8e5160 elementor-widget elementor-widget-heading\" data-id=\"c8e5160\" data-element_type=\"widget\" data-e-type=\"widget\" data-widget_type=\"heading.default\">\n\t\t\t\t<div class=\"elementor-widget-container\">\n\t\t\t\t\t<h2 class=\"elementor-heading-title elementor-size-default\">G\u00f6nnen Sie sich einen Aufenthalt der totalen Entspannung in Bologna<\/h2>\t\t\t\t<\/div>\n\t\t\t\t<\/div>\n\t\t\t\t<div class=\"elementor-element elementor-element-88f226c elementor-widget-divider--view-line elementor-widget elementor-widget-divider\" data-id=\"88f226c\" data-element_type=\"widget\" data-e-type=\"widget\" data-widget_type=\"divider.default\">\n\t\t\t\t<div class=\"elementor-widget-container\">\n\t\t\t\t\t\t\t<div class=\"elementor-divider\">\n\t\t\t<span class=\"elementor-divider-separator\">\n\t\t\t\t\t\t<\/span>\n\t\t<\/div>\n\t\t\t\t\t\t<\/div>\n\t\t\t\t<\/div>\n\t\t\t\t<div class=\"elementor-element elementor-element-4537786 elementor-widget elementor-widget-text-editor\" data-id=\"4537786\" data-element_type=\"widget\" data-e-type=\"widget\" data-widget_type=\"text-editor.default\">\n\t\t\t\t<div class=\"elementor-widget-container\">\n\t\t\t\t\t\t\t\t\t<p>Das <strong>Best Western Plus Tower Hotel Bologna<\/strong> bietet viele besondere Aufmerksamkeiten, um Ihren Aufenthalt noch <strong>erholsamer und ges\u00fcnder <\/strong>zu gestalten, mit einer Auswahl an zus\u00e4tzlichen Dienstleistungen, die alle unsere G\u00e4ste willkommen hei\u00dfen und verw\u00f6hnen, <strong>um ihre Reise noch angenehmer zu gestalten<\/strong>!<\/p>\n\t\t\t\t\t\t\t\t<\/div>\n\t\t\t\t<\/div>\n\t\t\t\t\t<\/div>\n\t\t\t\t<\/div>\n\t\t<div class=\"elementor-element elementor-element-b0c64bc e-flex e-con-boxed e-con e-parent\" data-id=\"b0c64bc\" data-element_type=\"container\" data-e-type=\"container\" data-settings=\"{&quot;animation_mobile&quot;:&quot;none&quot;}\">\n\t\t\t\t\t<div class=\"e-con-inner\">\n\t\t<div class=\"elementor-element elementor-element-5d3824f e-con-full e-flex elementor-invisible e-con e-child\" data-id=\"5d3824f\" data-element_type=\"container\" data-e-type=\"container\" data-settings=\"{&quot;motion_fx_motion_fx_scrolling&quot;:&quot;yes&quot;,&quot;animation&quot;:&quot;fadeInLeft&quot;,&quot;animation_mobile&quot;:&quot;fadeIn&quot;,&quot;background_background&quot;:&quot;classic&quot;,&quot;motion_fx_devices&quot;:[&quot;desktop&quot;,&quot;tablet&quot;,&quot;mobile&quot;]}\">\n\t\t<div class=\"elementor-element elementor-element-94b3aaf e-con-full e-flex e-con e-child\" data-id=\"94b3aaf\" data-element_type=\"container\" data-e-type=\"container\" data-settings=\"{&quot;animation_mobile&quot;:&quot;none&quot;}\">\n\t\t\t\t<div class=\"elementor-element elementor-element-a7aea8d elementor-widget elementor-widget-heading\" data-id=\"a7aea8d\" data-element_type=\"widget\" data-e-type=\"widget\" data-settings=\"{&quot;_animation_mobile&quot;:&quot;none&quot;}\" data-widget_type=\"heading.default\">\n\t\t\t\t<div class=\"elementor-widget-container\">\n\t\t\t\t\t<h3 class=\"elementor-heading-title elementor-size-default\">Kostenlose Dienstleistungen zur Verw\u00f6hnung unserer G\u00e4ste<\/h3>\t\t\t\t<\/div>\n\t\t\t\t<\/div>\n\t\t\t\t<div class=\"elementor-element elementor-element-c6ba9de elementor-widget elementor-widget-text-editor\" data-id=\"c6ba9de\" data-element_type=\"widget\" data-e-type=\"widget\" data-settings=\"{&quot;_animation_mobile&quot;:&quot;none&quot;}\" data-widget_type=\"text-editor.default\">\n\t\t\t\t<div class=\"elementor-widget-container\">\n\t\t\t\t\t\t\t\t\t<ul>\n<li>Konvention mit dem Bologna Spa &amp; Wellness Centre: nur f\u00fcr unsere G\u00e4ste 15 % Rabatt auf den Eintrittspreis;<\/li>\n<li>Fr\u00fchst\u00fccksecke mit biologischen und nat\u00fcrlichen Produkten, um den Tag mit mehr Vitalit\u00e4t und Wohlbefinden zu beginnen;<\/li>\n<li>Hilfsbereiter Concierge f\u00fcr alle wichtigen Informationen \u00fcber Gesch\u00e4fte, Spas und Sehensw\u00fcrdigkeiten in der Stadt;<\/li>\n<li>Professioneller Haartrockner und Haargl\u00e4tter auf Anfrage an der Rezeption;<\/li>\n<li>Konvention mit einer Kosmetikerin, einem Friseur und einem Barbier in der N\u00e4he;<\/li>\n<li>In unserem Restaurant: leichte und gesunde Gerichte auf der Speisekarte;<\/li>\n<li>Panorama-Fitnessraum im 18. Stock, um Stress abzubauen und sich fit zu halten.<\/li>\n<\/ul>\n\t\t\t\t\t\t\t\t<\/div>\n\t\t\t\t<\/div>\n\t\t\t\t<\/div>\n\t\t\t\t<\/div>\n\t\t<div class=\"elementor-element elementor-element-3daee27 e-con-full e-flex elementor-invisible e-con e-child\" data-id=\"3daee27\" data-element_type=\"container\" data-e-type=\"container\" data-settings=\"{&quot;background_background&quot;:&quot;classic&quot;,&quot;animation&quot;:&quot;fadeInRight&quot;,&quot;animation_mobile&quot;:&quot;none&quot;}\">\n\t\t\t\t<div class=\"elementor-element elementor-element-012193f elementor-widget elementor-widget-heading\" data-id=\"012193f\" data-element_type=\"widget\" data-e-type=\"widget\" data-widget_type=\"heading.default\">\n\t\t\t\t<div class=\"elementor-widget-container\">\n\t\t\t\t\t<h3 class=\"elementor-heading-title elementor-size-default\">Wellness-Paket<\/h3>\t\t\t\t<\/div>\n\t\t\t\t<\/div>\n\t\t\t\t<div class=\"elementor-element elementor-element-2cca5c2 elementor-widget-tablet__width-initial elementor-widget-mobile__width-inherit elementor-widget elementor-widget-text-editor\" data-id=\"2cca5c2\" data-element_type=\"widget\" data-e-type=\"widget\" data-widget_type=\"text-editor.default\">\n\t\t\t\t<div class=\"elementor-widget-container\">\n\t\t\t\t\t\t\t\t\t<p>Sie k\u00f6nnen Ihren Aufenthalt auch individuell gestalten, indem Sie das Wellness-Paket zu Ihrer Buchung hinzuf\u00fcgen, das Sie zum Preis <strong>von 10 \u20ac pro Zimmer\/Nacht<\/strong> erhalten:<\/p><ul><li>Late Check-out bis 14:00 Uhr<\/li><li>Professioneller Haartrockner und Gl\u00e4tteisen<\/li><li>Beauty-Set<\/li><li>Wasserkocher im Zimmer mit einer Auswahl an Tees<\/li><li>Bademantel mit Pantoffeln<br \/><br \/><\/li><\/ul><p><strong>F\u00fcgen Sie das Wellness-Paket Ihrer Buchung hinzu<\/strong>, nachdem Sie Ihr Zimmer ausgew\u00e4hlt haben, oder fordern Sie es direkt beim Hotel an.<\/p>\t\t\t\t\t\t\t\t<\/div>\n\t\t\t\t<\/div>\n\t\t\t\t<\/div>\n\t\t\t\t\t<\/div>\n\t\t\t\t<\/div>\n\t\t<div class=\"elementor-element elementor-element-2021bae e-flex e-con-boxed e-con e-parent\" data-id=\"2021bae\" data-element_type=\"container\" data-e-type=\"container\">\n\t\t\t\t\t<div class=\"e-con-inner\">\n\t\t\t\t<div class=\"elementor-element elementor-element-4bad759 elementor-widget-mobile__width-inherit elementor-mobile-align-center elementor-align-center elementor-invisible elementor-widget elementor-widget-button\" data-id=\"4bad759\" data-element_type=\"widget\" data-e-type=\"widget\" data-settings=\"{&quot;_animation&quot;:&quot;fadeIn&quot;,&quot;_animation_mobile&quot;:&quot;none&quot;}\" data-widget_type=\"button.default\">\n\t\t\t\t<div class=\"elementor-widget-container\">\n\t\t\t\t\t\t\t\t\t<div class=\"elementor-button-wrapper\">\n\t\t\t\t\t<a class=\"elementor-button elementor-button-link elementor-size-sm\" href=\"https:\/\/www.towerhotelbologna.com\/de\/leistungen-hotel-bologna\/\">\n\t\t\t\t\t\t<span class=\"elementor-button-content-wrapper\">\n\t\t\t\t\t\t\t\t\t<span class=\"elementor-button-text\">Zur\u00fcck zu den Leistungen &gt;<\/span>\n\t\t\t\t\t<\/span>\n\t\t\t\t\t<\/a>\n\t\t\t\t<\/div>\n\t\t\t\t\t\t\t\t<\/div>\n\t\t\t\t<\/div>\n\t\t\t\t\t<\/div>\n\t\t\t\t<\/div>\n\t\t\t\t<\/div>\n\t\t","protected":false},"excerpt":{"rendered":"<p>Wellness Hotel G\u00f6nnen Sie sich einen Aufenthalt der totalen Entspannung in Bologna Das Best Western Plus Tower Hotel Bologna bietet viele besondere Aufmerksamkeiten, um Ihren Aufenthalt noch erholsamer und ges\u00fcnder zu gestalten, mit einer Auswahl an zus\u00e4tzlichen Dienstleistungen, die alle unsere G\u00e4ste willkommen hei\u00dfen und verw\u00f6hnen, um ihre Reise noch angenehmer zu gestalten! Kostenlose Dienstleistungen [&hellip;]<\/p>\n","protected":false},"author":6,"featured_media":2932,"parent":3382,"menu_order":0,"comment_status":"closed","ping_status":"closed","template":"","meta":{"footnotes":""},"class_list":["post-3393","page","type-page","status-publish","has-post-thumbnail","hentry"],"yoast_head":"<!-- This site is optimized with the Yoast SEO plugin v27.3 - https:\/\/yoast.com\/product\/yoast-seo-wordpress\/ -->\n<title>Hotels und Wellnessangebote in Bologna - BW Plus Tower Hotel Bologna<\/title>\n<meta name=\"description\" content=\"Besondere Aufmerksamkeiten sorgen f\u00fcr einen noch erholsameren Aufenthalt mit einer Auswahl an zus\u00e4tzlichen Dienstleistungen, um die G\u00e4ste bestm\u00f6glich willkommen zu hei\u00dfen und zu verw\u00f6hnen.\" \/>\n<meta name=\"robots\" content=\"index, follow, max-snippet:-1, max-image-preview:large, max-video-preview:-1\" \/>\n<link rel=\"canonical\" href=\"https:\/\/www.towerhotelbologna.com\/de\/leistungen-hotel-bologna\/wellness-hotel\/\" \/>\n<meta property=\"og:locale\" content=\"de_DE\" \/>\n<meta property=\"og:type\" content=\"article\" \/>\n<meta property=\"og:title\" content=\"Hotels und Wellnessangebote in Bologna - BW Plus Tower Hotel Bologna\" \/>\n<meta property=\"og:description\" content=\"Besondere Aufmerksamkeiten sorgen f\u00fcr einen noch erholsameren Aufenthalt mit einer Auswahl an zus\u00e4tzlichen Dienstleistungen, um die G\u00e4ste bestm\u00f6glich willkommen zu hei\u00dfen und zu verw\u00f6hnen.\" \/>\n<meta property=\"og:url\" content=\"https:\/\/www.towerhotelbologna.com\/de\/leistungen-hotel-bologna\/wellness-hotel\/\" \/>\n<meta property=\"og:site_name\" content=\"98361 Tower Hotel Bologna\" \/>\n<meta property=\"article:modified_time\" content=\"2025-06-06T08:17:51+00:00\" \/>\n<meta property=\"og:image\" content=\"https:\/\/bwh-cdn.neen.dev\/wp-content\/uploads\/sites\/107\/2025\/02\/pacchetto-weelbeing2.webp\" \/>\n\t<meta property=\"og:image:width\" content=\"1920\" \/>\n\t<meta property=\"og:image:height\" content=\"1280\" \/>\n\t<meta property=\"og:image:type\" content=\"image\/webp\" \/>\n<meta name=\"twitter:card\" content=\"summary_large_image\" \/>\n<meta name=\"twitter:label1\" content=\"Gesch\u00e4tzte Lesezeit\" \/>\n\t<meta name=\"twitter:data1\" content=\"2\u00a0Minuten\" \/>\n<script type=\"application\/ld+json\" class=\"yoast-schema-graph\">{\"@context\":\"https:\\\/\\\/schema.org\",\"@graph\":[{\"@type\":\"WebPage\",\"@id\":\"https:\\\/\\\/www.towerhotelbologna.com\\\/de\\\/leistungen-hotel-bologna\\\/wellness-hotel\\\/\",\"url\":\"https:\\\/\\\/www.towerhotelbologna.com\\\/de\\\/leistungen-hotel-bologna\\\/wellness-hotel\\\/\",\"name\":\"Hotels und Wellnessangebote in Bologna - BW Plus Tower Hotel Bologna\",\"isPartOf\":{\"@id\":\"https:\\\/\\\/www.towerhotelbologna.com\\\/de\\\/#website\"},\"primaryImageOfPage\":{\"@id\":\"https:\\\/\\\/www.towerhotelbologna.com\\\/de\\\/leistungen-hotel-bologna\\\/wellness-hotel\\\/#primaryimage\"},\"image\":{\"@id\":\"https:\\\/\\\/www.towerhotelbologna.com\\\/de\\\/leistungen-hotel-bologna\\\/wellness-hotel\\\/#primaryimage\"},\"thumbnailUrl\":\"https:\\\/\\\/www.towerhotelbologna.com\\\/wp-content\\\/uploads\\\/sites\\\/107\\\/2025\\\/02\\\/pacchetto-weelbeing2.webp\",\"datePublished\":\"2025-02-03T12:46:48+00:00\",\"dateModified\":\"2025-06-06T08:17:51+00:00\",\"description\":\"Besondere Aufmerksamkeiten sorgen f\u00fcr einen noch erholsameren Aufenthalt mit einer Auswahl an zus\u00e4tzlichen Dienstleistungen, um die G\u00e4ste bestm\u00f6glich willkommen zu hei\u00dfen und zu verw\u00f6hnen.\",\"breadcrumb\":{\"@id\":\"https:\\\/\\\/www.towerhotelbologna.com\\\/de\\\/leistungen-hotel-bologna\\\/wellness-hotel\\\/#breadcrumb\"},\"inLanguage\":\"de\",\"potentialAction\":[{\"@type\":\"ReadAction\",\"target\":[\"https:\\\/\\\/www.towerhotelbologna.com\\\/de\\\/leistungen-hotel-bologna\\\/wellness-hotel\\\/\"]}]},{\"@type\":\"ImageObject\",\"inLanguage\":\"de\",\"@id\":\"https:\\\/\\\/www.towerhotelbologna.com\\\/de\\\/leistungen-hotel-bologna\\\/wellness-hotel\\\/#primaryimage\",\"url\":\"https:\\\/\\\/www.towerhotelbologna.com\\\/wp-content\\\/uploads\\\/sites\\\/107\\\/2025\\\/02\\\/pacchetto-weelbeing2.webp\",\"contentUrl\":\"https:\\\/\\\/www.towerhotelbologna.com\\\/wp-content\\\/uploads\\\/sites\\\/107\\\/2025\\\/02\\\/pacchetto-weelbeing2.webp\",\"width\":1920,\"height\":1280,\"caption\":\"Wellness Hotel - Tower Hotel Bologna\"},{\"@type\":\"BreadcrumbList\",\"@id\":\"https:\\\/\\\/www.towerhotelbologna.com\\\/de\\\/leistungen-hotel-bologna\\\/wellness-hotel\\\/#breadcrumb\",\"itemListElement\":[{\"@type\":\"ListItem\",\"position\":1,\"name\":\"Home\",\"item\":\"https:\\\/\\\/www.towerhotelbologna.com\\\/de\\\/home\\\/\"},{\"@type\":\"ListItem\",\"position\":2,\"name\":\"Dienste\",\"item\":\"https:\\\/\\\/www.towerhotelbologna.com\\\/de\\\/leistungen-hotel-bologna\\\/\"},{\"@type\":\"ListItem\",\"position\":3,\"name\":\"Wellness Hotel\"}]},{\"@type\":\"WebSite\",\"@id\":\"https:\\\/\\\/www.towerhotelbologna.com\\\/de\\\/#website\",\"url\":\"https:\\\/\\\/www.towerhotelbologna.com\\\/de\\\/\",\"name\":\"98361 Tower Hotel Bologna\",\"description\":\"\",\"publisher\":{\"@id\":\"https:\\\/\\\/www.towerhotelbologna.com\\\/de\\\/#organization\"},\"potentialAction\":[{\"@type\":\"SearchAction\",\"target\":{\"@type\":\"EntryPoint\",\"urlTemplate\":\"https:\\\/\\\/www.towerhotelbologna.com\\\/de\\\/?s={search_term_string}\"},\"query-input\":{\"@type\":\"PropertyValueSpecification\",\"valueRequired\":true,\"valueName\":\"search_term_string\"}}],\"inLanguage\":\"de\"},{\"@type\":\"Organization\",\"@id\":\"https:\\\/\\\/www.towerhotelbologna.com\\\/de\\\/#organization\",\"name\":\"98361 Tower Hotel Bologna\",\"url\":\"https:\\\/\\\/www.towerhotelbologna.com\\\/de\\\/\",\"logo\":{\"@type\":\"ImageObject\",\"inLanguage\":\"de\",\"@id\":\"https:\\\/\\\/www.towerhotelbologna.com\\\/de\\\/#\\\/schema\\\/logo\\\/image\\\/\",\"url\":\"https:\\\/\\\/www.towerhotelbologna.com\\\/wp-content\\\/uploads\\\/sites\\\/107\\\/2024\\\/07\\\/BWPlus.png\",\"contentUrl\":\"https:\\\/\\\/www.towerhotelbologna.com\\\/wp-content\\\/uploads\\\/sites\\\/107\\\/2024\\\/07\\\/BWPlus.png\",\"width\":420,\"height\":191,\"caption\":\"98361 Tower Hotel Bologna\"},\"image\":{\"@id\":\"https:\\\/\\\/www.towerhotelbologna.com\\\/de\\\/#\\\/schema\\\/logo\\\/image\\\/\"}}]}<\/script>\n<!-- \/ Yoast SEO plugin. -->","yoast_head_json":{"title":"Hotels und Wellnessangebote in Bologna - BW Plus Tower Hotel Bologna","description":"Besondere Aufmerksamkeiten sorgen f\u00fcr einen noch erholsameren Aufenthalt mit einer Auswahl an zus\u00e4tzlichen Dienstleistungen, um die G\u00e4ste bestm\u00f6glich willkommen zu hei\u00dfen und zu verw\u00f6hnen.","robots":{"index":"index","follow":"follow","max-snippet":"max-snippet:-1","max-image-preview":"max-image-preview:large","max-video-preview":"max-video-preview:-1"},"canonical":"https:\/\/www.towerhotelbologna.com\/de\/leistungen-hotel-bologna\/wellness-hotel\/","og_locale":"de_DE","og_type":"article","og_title":"Hotels und Wellnessangebote in Bologna - BW Plus Tower Hotel Bologna","og_description":"Besondere Aufmerksamkeiten sorgen f\u00fcr einen noch erholsameren Aufenthalt mit einer Auswahl an zus\u00e4tzlichen Dienstleistungen, um die G\u00e4ste bestm\u00f6glich willkommen zu hei\u00dfen und zu verw\u00f6hnen.","og_url":"https:\/\/www.towerhotelbologna.com\/de\/leistungen-hotel-bologna\/wellness-hotel\/","og_site_name":"98361 Tower Hotel Bologna","article_modified_time":"2025-06-06T08:17:51+00:00","og_image":[{"width":1920,"height":1280,"url":"https:\/\/bwh-cdn.neen.dev\/wp-content\/uploads\/sites\/107\/2025\/02\/pacchetto-weelbeing2.webp","type":"image\/webp"}],"twitter_card":"summary_large_image","twitter_misc":{"Gesch\u00e4tzte Lesezeit":"2\u00a0Minuten"},"schema":{"@context":"https:\/\/schema.org","@graph":[{"@type":"WebPage","@id":"https:\/\/www.towerhotelbologna.com\/de\/leistungen-hotel-bologna\/wellness-hotel\/","url":"https:\/\/www.towerhotelbologna.com\/de\/leistungen-hotel-bologna\/wellness-hotel\/","name":"Hotels und Wellnessangebote in Bologna - BW Plus Tower Hotel Bologna","isPartOf":{"@id":"https:\/\/www.towerhotelbologna.com\/de\/#website"},"primaryImageOfPage":{"@id":"https:\/\/www.towerhotelbologna.com\/de\/leistungen-hotel-bologna\/wellness-hotel\/#primaryimage"},"image":{"@id":"https:\/\/www.towerhotelbologna.com\/de\/leistungen-hotel-bologna\/wellness-hotel\/#primaryimage"},"thumbnailUrl":"https:\/\/www.towerhotelbologna.com\/wp-content\/uploads\/sites\/107\/2025\/02\/pacchetto-weelbeing2.webp","datePublished":"2025-02-03T12:46:48+00:00","dateModified":"2025-06-06T08:17:51+00:00","description":"Besondere Aufmerksamkeiten sorgen f\u00fcr einen noch erholsameren Aufenthalt mit einer Auswahl an zus\u00e4tzlichen Dienstleistungen, um die G\u00e4ste bestm\u00f6glich willkommen zu hei\u00dfen und zu verw\u00f6hnen.","breadcrumb":{"@id":"https:\/\/www.towerhotelbologna.com\/de\/leistungen-hotel-bologna\/wellness-hotel\/#breadcrumb"},"inLanguage":"de","potentialAction":[{"@type":"ReadAction","target":["https:\/\/www.towerhotelbologna.com\/de\/leistungen-hotel-bologna\/wellness-hotel\/"]}]},{"@type":"ImageObject","inLanguage":"de","@id":"https:\/\/www.towerhotelbologna.com\/de\/leistungen-hotel-bologna\/wellness-hotel\/#primaryimage","url":"https:\/\/www.towerhotelbologna.com\/wp-content\/uploads\/sites\/107\/2025\/02\/pacchetto-weelbeing2.webp","contentUrl":"https:\/\/www.towerhotelbologna.com\/wp-content\/uploads\/sites\/107\/2025\/02\/pacchetto-weelbeing2.webp","width":1920,"height":1280,"caption":"Wellness Hotel - Tower Hotel Bologna"},{"@type":"BreadcrumbList","@id":"https:\/\/www.towerhotelbologna.com\/de\/leistungen-hotel-bologna\/wellness-hotel\/#breadcrumb","itemListElement":[{"@type":"ListItem","position":1,"name":"Home","item":"https:\/\/www.towerhotelbologna.com\/de\/home\/"},{"@type":"ListItem","position":2,"name":"Dienste","item":"https:\/\/www.towerhotelbologna.com\/de\/leistungen-hotel-bologna\/"},{"@type":"ListItem","position":3,"name":"Wellness Hotel"}]},{"@type":"WebSite","@id":"https:\/\/www.towerhotelbologna.com\/de\/#website","url":"https:\/\/www.towerhotelbologna.com\/de\/","name":"98361 Tower Hotel Bologna","description":"","publisher":{"@id":"https:\/\/www.towerhotelbologna.com\/de\/#organization"},"potentialAction":[{"@type":"SearchAction","target":{"@type":"EntryPoint","urlTemplate":"https:\/\/www.towerhotelbologna.com\/de\/?s={search_term_string}"},"query-input":{"@type":"PropertyValueSpecification","valueRequired":true,"valueName":"search_term_string"}}],"inLanguage":"de"},{"@type":"Organization","@id":"https:\/\/www.towerhotelbologna.com\/de\/#organization","name":"98361 Tower Hotel Bologna","url":"https:\/\/www.towerhotelbologna.com\/de\/","logo":{"@type":"ImageObject","inLanguage":"de","@id":"https:\/\/www.towerhotelbologna.com\/de\/#\/schema\/logo\/image\/","url":"https:\/\/www.towerhotelbologna.com\/wp-content\/uploads\/sites\/107\/2024\/07\/BWPlus.png","contentUrl":"https:\/\/www.towerhotelbologna.com\/wp-content\/uploads\/sites\/107\/2024\/07\/BWPlus.png","width":420,"height":191,"caption":"98361 Tower Hotel Bologna"},"image":{"@id":"https:\/\/www.towerhotelbologna.com\/de\/#\/schema\/logo\/image\/"}}]}},"_links":{"self":[{"href":"https:\/\/www.towerhotelbologna.com\/de\/wp-json\/wp\/v2\/pages\/3393","targetHints":{"allow":["GET"]}}],"collection":[{"href":"https:\/\/www.towerhotelbologna.com\/de\/wp-json\/wp\/v2\/pages"}],"about":[{"href":"https:\/\/www.towerhotelbologna.com\/de\/wp-json\/wp\/v2\/types\/page"}],"author":[{"embeddable":true,"href":"https:\/\/www.towerhotelbologna.com\/de\/wp-json\/wp\/v2\/users\/6"}],"replies":[{"embeddable":true,"href":"https:\/\/www.towerhotelbologna.com\/de\/wp-json\/wp\/v2\/comments?post=3393"}],"version-history":[{"count":3,"href":"https:\/\/www.towerhotelbologna.com\/de\/wp-json\/wp\/v2\/pages\/3393\/revisions"}],"predecessor-version":[{"id":4260,"href":"https:\/\/www.towerhotelbologna.com\/de\/wp-json\/wp\/v2\/pages\/3393\/revisions\/4260"}],"up":[{"embeddable":true,"href":"https:\/\/www.towerhotelbologna.com\/de\/wp-json\/wp\/v2\/pages\/3382"}],"wp:featuredmedia":[{"embeddable":true,"href":"https:\/\/www.towerhotelbologna.com\/de\/wp-json\/wp\/v2\/media\/2932"}],"wp:attachment":[{"href":"https:\/\/www.towerhotelbologna.com\/de\/wp-json\/wp\/v2\/media?parent=3393"}],"curies":[{"name":"wp","href":"https:\/\/api.w.org\/{rel}","templated":true}]}}